{"id":5714,"date":"2024-02-06T10:36:32","date_gmt":"2024-02-06T10:36:32","guid":{"rendered":"https:\/\/www.afecir.com\/comprar\/?post_type=product&#038;p=5714"},"modified":"2024-02-06T10:36:33","modified_gmt":"2024-02-06T10:36:33","slug":"bota-de-cordon-y-pelo-vicmart","status":"publish","type":"product","link":"https:\/\/www.afecir.com\/comprar\/producto\/bota-de-cordon-y-pelo-vicmart\/","title":{"rendered":"Bota de cord\u00f3n y pelo VICMART"},"content":{"rendered":"<p>Bota fabricada en material reciclado e impermeable de color negro con pelito por arriba y por el interior.<\/p>\n<p>Su piso con plataforma delantera de 2,5 cm y cu\u00f1a de 4,5 cm, est\u00e1 fabricada de goma antideslizante y flexible.<\/p>\n<p>Su cierre es de cord\u00f3n, lo que permite ajustarla perfectamente al empeine.<\/p>\n<p>&nbsp;<\/p>\n","protected":false},"excerpt":{"rendered":"<p>Bota fabricada en material reciclado e impermeable de color negro con pelito por arriba y por el interior. Su piso con plataforma delantera de 2,5 cm y cu\u00f1a de 4,5 cm, est\u00e1 fabricada de goma antideslizante y flexible. Su cierre es de cord\u00f3n, lo que permite ajustarla perfectamente al empeine. &nbsp;<\/p>\n","protected":false},"featured_media":0,"template":"","meta":[],"product_brand":[],"product_cat":[634],"product_tag":[],"class_list":{"0":"post-5714","1":"product","2":"type-product","3":"status-publish","5":"product_cat-an-ber","7":"first","8":"instock","9":"sale","10":"taxable","11":"shipping-taxable","12":"purchasable","13":"product-type-variable"},"_links":{"self":[{"href":"https:\/\/www.afecir.com\/comprar\/wp-json\/wp\/v2\/product\/5714","targetHints":{"allow":["GET"]}}],"collection":[{"href":"https:\/\/www.afecir.com\/comprar\/wp-json\/wp\/v2\/product"}],"about":[{"href":"https:\/\/www.afecir.com\/comprar\/wp-json\/wp\/v2\/types\/product"}],"wp:attachment":[{"href":"https:\/\/www.afecir.com\/comprar\/wp-json\/wp\/v2\/media?parent=5714"}],"wp:term":[{"taxonomy":"product_brand","embeddable":true,"href":"https:\/\/www.afecir.com\/comprar\/wp-json\/wp\/v2\/product_brand?post=5714"},{"taxonomy":"product_cat","embeddable":true,"href":"https:\/\/www.afecir.com\/comprar\/wp-json\/wp\/v2\/product_cat?post=5714"},{"taxonomy":"product_tag","embeddable":true,"href":"https:\/\/www.afecir.com\/comprar\/wp-json\/wp\/v2\/product_tag?post=5714"}],"curies":[{"name":"wp","href":"https:\/\/api.w.org\/{rel}","templated":true}]}}