{"id":5553,"date":"2023-01-18T10:02:31","date_gmt":"2023-01-18T10:02:31","guid":{"rendered":"https:\/\/www.afecir.com\/comprar\/?post_type=product&#038;p=5553"},"modified":"2023-01-18T10:02:32","modified_gmt":"2023-01-18T10:02:32","slug":"disfraz-capitan-america","status":"publish","type":"product","link":"https:\/\/www.afecir.com\/comprar\/producto\/disfraz-capitan-america\/","title":{"rendered":"Disfraz Capit\u00e1n Am\u00e9rica"},"content":{"rendered":"<p>Disfraz Capit\u00e1n Am\u00e9rica, disfr\u00e1zate este carnaval de tus super H\u00e9roes favoritos<\/p>\n<p>&nbsp;<\/p>\n<p>incluye Mono y Gorro<\/p>\n<p>&nbsp;<\/p>\n","protected":false},"excerpt":{"rendered":"<p>Disfraz de Capit\u00e1n Am\u00e9rica<\/p>\n<p>Incluye mono y gorro<\/p>\n","protected":false},"featured_media":5546,"template":"","meta":[],"product_brand":[],"product_cat":[149,119],"product_tag":[941],"class_list":{"0":"post-5553","1":"product","2":"type-product","3":"status-publish","4":"has-post-thumbnail","6":"product_cat-bazar-satur","7":"product_cat-regalos","8":"product_tag-disfraz-carnaval-disfraces-capitanamerica-avenger-superheroes","10":"first","11":"instock","12":"sale","13":"taxable","14":"shipping-taxable","15":"purchasable","16":"product-type-simple"},"_links":{"self":[{"href":"https:\/\/www.afecir.com\/comprar\/wp-json\/wp\/v2\/product\/5553","targetHints":{"allow":["GET"]}}],"collection":[{"href":"https:\/\/www.afecir.com\/comprar\/wp-json\/wp\/v2\/product"}],"about":[{"href":"https:\/\/www.afecir.com\/comprar\/wp-json\/wp\/v2\/types\/product"}],"wp:featuredmedia":[{"embeddable":true,"href":"https:\/\/www.afecir.com\/comprar\/wp-json\/wp\/v2\/media\/5546"}],"wp:attachment":[{"href":"https:\/\/www.afecir.com\/comprar\/wp-json\/wp\/v2\/media?parent=5553"}],"wp:term":[{"taxonomy":"product_brand","embeddable":true,"href":"https:\/\/www.afecir.com\/comprar\/wp-json\/wp\/v2\/product_brand?post=5553"},{"taxonomy":"product_cat","embeddable":true,"href":"https:\/\/www.afecir.com\/comprar\/wp-json\/wp\/v2\/product_cat?post=5553"},{"taxonomy":"product_tag","embeddable":true,"href":"https:\/\/www.afecir.com\/comprar\/wp-json\/wp\/v2\/product_tag?post=5553"}],"curies":[{"name":"wp","href":"https:\/\/api.w.org\/{rel}","templated":true}]}}