{"id":5428,"date":"2021-12-13T18:24:57","date_gmt":"2021-12-13T18:24:57","guid":{"rendered":"https:\/\/www.afecir.com\/comprar\/?post_type=product&#038;p=5428"},"modified":"2023-12-19T11:21:30","modified_gmt":"2023-12-19T11:21:30","slug":"termo-para-liquidos-galaxia-menta-rosa-saro","status":"publish","type":"product","link":"https:\/\/www.afecir.com\/comprar\/producto\/termo-para-liquidos-galaxia-menta-rosa-saro\/","title":{"rendered":"Termo para l\u00edquidos &#8211; Galaxia menta\/rosa SARO"},"content":{"rendered":"<p>Permite transportar bebidas fr\u00edas o calientes durante aproximadamente 6 horas (temperatura inicial 95\u00baC).<\/p>\n<ul>\n<li>Tapa de rosca, \u00a1util\u00edzala como vaso!<\/li>\n<li>Acero 304 de la m\u00e1s alta calidad. \u00a1Irrompible!<\/li>\n<li>Doble pared interior de acero inoxidable con c\u00e1mara de vac\u00edo: proporciona el m\u00e1ximo rendimiento t\u00e9rmico.<\/li>\n<li>Zero-waste: un producto reutilizable con el que cuidas del medio ambiente.<\/li>\n<li>Capacidad: 500 ml.<\/li>\n<\/ul>\n<p>&nbsp;<\/p>\n","protected":false},"excerpt":{"rendered":"<p>Lleva la bebida favorita de tu peque a cualquier lugar y a la temperatura ideal.<\/p>\n","protected":false},"featured_media":5429,"template":"","meta":[],"product_brand":[],"product_cat":[46,43,115],"product_tag":[],"class_list":{"0":"post-5428","1":"product","2":"type-product","3":"status-publish","4":"has-post-thumbnail","6":"product_cat-dt-juguetes","7":"product_cat-jugueteria-y-puericultura","8":"product_cat-puericultura","10":"first","11":"outofstock","12":"taxable","13":"shipping-taxable","14":"purchasable","15":"product-type-simple"},"_links":{"self":[{"href":"https:\/\/www.afecir.com\/comprar\/wp-json\/wp\/v2\/product\/5428","targetHints":{"allow":["GET"]}}],"collection":[{"href":"https:\/\/www.afecir.com\/comprar\/wp-json\/wp\/v2\/product"}],"about":[{"href":"https:\/\/www.afecir.com\/comprar\/wp-json\/wp\/v2\/types\/product"}],"wp:featuredmedia":[{"embeddable":true,"href":"https:\/\/www.afecir.com\/comprar\/wp-json\/wp\/v2\/media\/5429"}],"wp:attachment":[{"href":"https:\/\/www.afecir.com\/comprar\/wp-json\/wp\/v2\/media?parent=5428"}],"wp:term":[{"taxonomy":"product_brand","embeddable":true,"href":"https:\/\/www.afecir.com\/comprar\/wp-json\/wp\/v2\/product_brand?post=5428"},{"taxonomy":"product_cat","embeddable":true,"href":"https:\/\/www.afecir.com\/comprar\/wp-json\/wp\/v2\/product_cat?post=5428"},{"taxonomy":"product_tag","embeddable":true,"href":"https:\/\/www.afecir.com\/comprar\/wp-json\/wp\/v2\/product_tag?post=5428"}],"curies":[{"name":"wp","href":"https:\/\/api.w.org\/{rel}","templated":true}]}}