{"id":5216,"date":"2021-06-15T15:21:49","date_gmt":"2021-06-15T15:21:49","guid":{"rendered":"https:\/\/www.afecir.com\/comprar\/?post_type=product&#038;p=5216"},"modified":"2023-12-19T11:32:15","modified_gmt":"2023-12-19T11:32:15","slug":"juego-glotones-ref-80403","status":"publish","type":"product","link":"https:\/\/www.afecir.com\/comprar\/producto\/juego-glotones-ref-80403\/","title":{"rendered":"Juego Glotones Ref. 80403"},"content":{"rendered":"<p>Un primer juego de estrategia para los ni\u00f1os. Un tres en raya en el que tambi\u00e9n te puedes comer las piezas del adversario. El jugador que consiga alinear 3 de sus simp\u00e1ticos Glotones gana la partida.<\/p>\n<p>2 jugadores.<\/p>\n<p>Tiempo de juego: 5 minutos.<\/p>\n<p>Recomendado a partir de 5 a\u00f1os.<\/p>\n<p>M\u00e1s productos y cat\u00e1logo en <a href=\"http:\/\/www.dtjuguetes.com\">www.dtjuguetes.com<\/a><\/p>\n","protected":false},"excerpt":{"rendered":"<p>\u00a1El tres en raya en el que puedes comerte a tu oponente!<\/p>\n","protected":false},"featured_media":5217,"template":"","meta":[],"product_brand":[],"product_cat":[46,687,43],"product_tag":[],"class_list":{"0":"post-5216","1":"product","2":"type-product","3":"status-publish","4":"has-post-thumbnail","6":"product_cat-dt-juguetes","7":"product_cat-jugueteria","8":"product_cat-jugueteria-y-puericultura","10":"first","11":"outofstock","12":"taxable","13":"shipping-taxable","14":"purchasable","15":"product-type-simple"},"_links":{"self":[{"href":"https:\/\/www.afecir.com\/comprar\/wp-json\/wp\/v2\/product\/5216","targetHints":{"allow":["GET"]}}],"collection":[{"href":"https:\/\/www.afecir.com\/comprar\/wp-json\/wp\/v2\/product"}],"about":[{"href":"https:\/\/www.afecir.com\/comprar\/wp-json\/wp\/v2\/types\/product"}],"wp:featuredmedia":[{"embeddable":true,"href":"https:\/\/www.afecir.com\/comprar\/wp-json\/wp\/v2\/media\/5217"}],"wp:attachment":[{"href":"https:\/\/www.afecir.com\/comprar\/wp-json\/wp\/v2\/media?parent=5216"}],"wp:term":[{"taxonomy":"product_brand","embeddable":true,"href":"https:\/\/www.afecir.com\/comprar\/wp-json\/wp\/v2\/product_brand?post=5216"},{"taxonomy":"product_cat","embeddable":true,"href":"https:\/\/www.afecir.com\/comprar\/wp-json\/wp\/v2\/product_cat?post=5216"},{"taxonomy":"product_tag","embeddable":true,"href":"https:\/\/www.afecir.com\/comprar\/wp-json\/wp\/v2\/product_tag?post=5216"}],"curies":[{"name":"wp","href":"https:\/\/api.w.org\/{rel}","templated":true}]}}