{"id":5209,"date":"2021-06-12T11:45:58","date_gmt":"2021-06-12T11:45:58","guid":{"rendered":"https:\/\/www.afecir.com\/comprar\/?post_type=product&#038;p=5209"},"modified":"2023-12-19T11:32:26","modified_gmt":"2023-12-19T11:32:26","slug":"juego-cohete-lanzadera-ref-6000180","status":"publish","type":"product","link":"https:\/\/www.afecir.com\/comprar\/producto\/juego-cohete-lanzadera-ref-6000180\/","title":{"rendered":"Juego Cohete Lanzadera. Ref. 6000180"},"content":{"rendered":"<p>\u00a1Sube hasta 15m!<\/p>\n<p>Funciona con bicarbonato s\u00f3dico y vinagre (no incluidos).<\/p>\n<p>Una manera divertida de aprender f\u00edsica y qu\u00edmica. Reutilizable para disfrutar de horas de diversi\u00f3n.<\/p>\n<p>Recomendado a partir de 14 a\u00f1os.<\/p>\n<p>M\u00e1s productos y cat\u00e1logo en <a href=\"http:\/\/www.dtjuguetes.com\">www.dtjuguetes.com<\/a><\/p>\n","protected":false},"excerpt":{"rendered":"<p>Experimento cient\u00edfico.<\/p>\n<p>Incluye p\u00f3ster y adhesivos.<\/p>\n","protected":false},"featured_media":5210,"template":"","meta":[],"product_brand":[],"product_cat":[46,687,43],"product_tag":[],"class_list":{"0":"post-5209","1":"product","2":"type-product","3":"status-publish","4":"has-post-thumbnail","6":"product_cat-dt-juguetes","7":"product_cat-jugueteria","8":"product_cat-jugueteria-y-puericultura","10":"first","11":"outofstock","12":"taxable","13":"shipping-taxable","14":"purchasable","15":"product-type-simple"},"_links":{"self":[{"href":"https:\/\/www.afecir.com\/comprar\/wp-json\/wp\/v2\/product\/5209","targetHints":{"allow":["GET"]}}],"collection":[{"href":"https:\/\/www.afecir.com\/comprar\/wp-json\/wp\/v2\/product"}],"about":[{"href":"https:\/\/www.afecir.com\/comprar\/wp-json\/wp\/v2\/types\/product"}],"wp:featuredmedia":[{"embeddable":true,"href":"https:\/\/www.afecir.com\/comprar\/wp-json\/wp\/v2\/media\/5210"}],"wp:attachment":[{"href":"https:\/\/www.afecir.com\/comprar\/wp-json\/wp\/v2\/media?parent=5209"}],"wp:term":[{"taxonomy":"product_brand","embeddable":true,"href":"https:\/\/www.afecir.com\/comprar\/wp-json\/wp\/v2\/product_brand?post=5209"},{"taxonomy":"product_cat","embeddable":true,"href":"https:\/\/www.afecir.com\/comprar\/wp-json\/wp\/v2\/product_cat?post=5209"},{"taxonomy":"product_tag","embeddable":true,"href":"https:\/\/www.afecir.com\/comprar\/wp-json\/wp\/v2\/product_tag?post=5209"}],"curies":[{"name":"wp","href":"https:\/\/api.w.org\/{rel}","templated":true}]}}