{"id":5207,"date":"2021-06-12T11:43:15","date_gmt":"2021-06-12T11:43:15","guid":{"rendered":"https:\/\/www.afecir.com\/comprar\/?post_type=product&#038;p=5207"},"modified":"2023-12-19T11:32:35","modified_gmt":"2023-12-19T11:32:35","slug":"my-model-doll-design-fantasia-ref-18366","status":"publish","type":"product","link":"https:\/\/www.afecir.com\/comprar\/producto\/my-model-doll-design-fantasia-ref-18366\/","title":{"rendered":"MY MODEL. DOLL DESIGN. FANTASIA Ref. 18366"},"content":{"rendered":"<p>Con este kit de dise\u00f1o convi\u00e9rtete en dise\u00f1adora y estilista, creando looks incre\u00edbles para tu mu\u00f1eca.<\/p>\n<p>Con m\u00e1s de 30 accesorios.<\/p>\n<p>Recomendado a partir de 6 a\u00f1os.<\/p>\n<p>M\u00e1s productos y cat\u00e1logo en <a href=\"http:\/\/www.dtjuguetes.com\">www.dtjuguetes.com<\/a><\/p>\n","protected":false},"excerpt":{"rendered":"<p>\u00a1Crea tu estilo! \u00a1Crea y corta! \u00a1Viste! \u00a1Crea peinados de colores!<\/p>\n","protected":false},"featured_media":5208,"template":"","meta":[],"product_brand":[],"product_cat":[46,687,43],"product_tag":[],"class_list":{"0":"post-5207","1":"product","2":"type-product","3":"status-publish","4":"has-post-thumbnail","6":"product_cat-dt-juguetes","7":"product_cat-jugueteria","8":"product_cat-jugueteria-y-puericultura","10":"first","11":"outofstock","12":"taxable","13":"shipping-taxable","14":"purchasable","15":"product-type-simple"},"_links":{"self":[{"href":"https:\/\/www.afecir.com\/comprar\/wp-json\/wp\/v2\/product\/5207","targetHints":{"allow":["GET"]}}],"collection":[{"href":"https:\/\/www.afecir.com\/comprar\/wp-json\/wp\/v2\/product"}],"about":[{"href":"https:\/\/www.afecir.com\/comprar\/wp-json\/wp\/v2\/types\/product"}],"wp:featuredmedia":[{"embeddable":true,"href":"https:\/\/www.afecir.com\/comprar\/wp-json\/wp\/v2\/media\/5208"}],"wp:attachment":[{"href":"https:\/\/www.afecir.com\/comprar\/wp-json\/wp\/v2\/media?parent=5207"}],"wp:term":[{"taxonomy":"product_brand","embeddable":true,"href":"https:\/\/www.afecir.com\/comprar\/wp-json\/wp\/v2\/product_brand?post=5207"},{"taxonomy":"product_cat","embeddable":true,"href":"https:\/\/www.afecir.com\/comprar\/wp-json\/wp\/v2\/product_cat?post=5207"},{"taxonomy":"product_tag","embeddable":true,"href":"https:\/\/www.afecir.com\/comprar\/wp-json\/wp\/v2\/product_tag?post=5207"}],"curies":[{"name":"wp","href":"https:\/\/api.w.org\/{rel}","templated":true}]}}