{"id":5201,"date":"2021-06-12T11:06:14","date_gmt":"2021-06-12T11:06:14","guid":{"rendered":"https:\/\/www.afecir.com\/comprar\/?post_type=product&#038;p=5201"},"modified":"2023-12-22T17:23:23","modified_gmt":"2023-12-22T17:23:23","slug":"tren-renfe-ave-ref-66-720","status":"publish","type":"product","link":"https:\/\/www.afecir.com\/comprar\/producto\/tren-renfe-ave-ref-66-720\/","title":{"rendered":"TREN RENFE AVE Ref. 66-720"},"content":{"rendered":"<p>Incluye: 1 locomotora, 6 vagones de mercanc\u00edas, 1 cruce de v\u00edas, 12 v\u00edas curvas, 10 v\u00edas rectas, 4 v\u00edas curvas cortas, 2 desv\u00edos a la derechas, 2 desv\u00edos a la izquierda, 1 sem\u00e1foro y 4 bidones de colores.<\/p>\n<p>Medidas aproximadas del circuito montado: 225 cm de largo y 100 cm de ancho.<\/p>\n<p>Medidas aproximadas de cada bid\u00f3n de colores: 3 cm de alto y 2 cm de di\u00e1metro.<\/p>\n<p>Funciona con 2 pilas \u00abLR14\u00bb (no incluidas)<\/p>\n<p>Edad recomendada +3 a\u00f1os<\/p>\n<p>M\u00e1s productos y cat\u00e1logo en <a href=\"http:\/\/www.dtjuguetes.com\">www.dtjuguetes.com<\/a><\/p>\n","protected":false},"excerpt":{"rendered":"<p>Incluye: 1 locomotora, 6 vagones de mercanc\u00edas, 1 cruce de v\u00edas, 12 v\u00edas curvas, 10 v\u00edas rectas, 4 v\u00edas curvas cortas, 2 desv\u00edos a la derechas, 2 desv\u00edos a la izquierda, 1 sem\u00e1foro y 4 bidones de colores.<\/p>\n","protected":false},"featured_media":5202,"template":"","meta":[],"product_brand":[],"product_cat":[46,687,43],"product_tag":[],"class_list":{"0":"post-5201","1":"product","2":"type-product","3":"status-publish","4":"has-post-thumbnail","6":"product_cat-dt-juguetes","7":"product_cat-jugueteria","8":"product_cat-jugueteria-y-puericultura","10":"first","11":"outofstock","12":"taxable","13":"shipping-taxable","14":"purchasable","15":"product-type-simple"},"_links":{"self":[{"href":"https:\/\/www.afecir.com\/comprar\/wp-json\/wp\/v2\/product\/5201","targetHints":{"allow":["GET"]}}],"collection":[{"href":"https:\/\/www.afecir.com\/comprar\/wp-json\/wp\/v2\/product"}],"about":[{"href":"https:\/\/www.afecir.com\/comprar\/wp-json\/wp\/v2\/types\/product"}],"wp:featuredmedia":[{"embeddable":true,"href":"https:\/\/www.afecir.com\/comprar\/wp-json\/wp\/v2\/media\/5202"}],"wp:attachment":[{"href":"https:\/\/www.afecir.com\/comprar\/wp-json\/wp\/v2\/media?parent=5201"}],"wp:term":[{"taxonomy":"product_brand","embeddable":true,"href":"https:\/\/www.afecir.com\/comprar\/wp-json\/wp\/v2\/product_brand?post=5201"},{"taxonomy":"product_cat","embeddable":true,"href":"https:\/\/www.afecir.com\/comprar\/wp-json\/wp\/v2\/product_cat?post=5201"},{"taxonomy":"product_tag","embeddable":true,"href":"https:\/\/www.afecir.com\/comprar\/wp-json\/wp\/v2\/product_tag?post=5201"}],"curies":[{"name":"wp","href":"https:\/\/api.w.org\/{rel}","templated":true}]}}