{"id":5171,"date":"2021-05-03T16:34:27","date_gmt":"2021-05-03T16:34:27","guid":{"rendered":"https:\/\/www.afecir.com\/comprar\/?post_type=product&#038;p=5171"},"modified":"2021-05-28T09:51:33","modified_gmt":"2021-05-28T09:51:33","slug":"conjunto-banera-grifo-de-suelo","status":"publish","type":"product","link":"https:\/\/www.afecir.com\/comprar\/producto\/conjunto-banera-grifo-de-suelo\/","title":{"rendered":"Conjunto ba\u00f1era-grifo de suelo"},"content":{"rendered":"<p>Lote compuesto por una Ba\u00f1era BLOCK y un grifo de suelo Essence, decora tu ba\u00f1o con la portabilidad y versatilidad que siempre has querido.<\/p>\n<p>&nbsp;<\/p>\n<p>La\u00a0<strong>ba\u00f1era<\/strong>\u00a0Block est\u00e1 fabricada en Acrymold\u00ae Solid Surface (un compuesto de alta seguridad por sus propiedades antibacterianas y antideslizamiento). De formas sofisticadas y org\u00e1nicas. Un modelo sim\u00e9trico y ovalado que estimula el cuerpo.<\/p>\n<p>Caracter\u00edsticas:<\/p>\n<p>&nbsp;<\/p>\n<ul type=\"circle\">\n<li>Alta resistencia.<\/li>\n<li>Acrymold.<\/li>\n<li>Incluye v\u00e1lvula.<\/li>\n<li>Antibacterias.<\/li>\n<li>Mate.<\/li>\n<\/ul>\n<p>Grifo monomando\u00a0<strong>Ba\u00f1era<\/strong>\u00a0a Suelo Essence.<\/p>\n<p>El complemento perfecto para tu ba\u00f1era autoportante. Sistema de montaje en el suelo. Caracter\u00edstico dise\u00f1o de formas cil\u00edndricas, complementa su brillante acabado cromado. Juego compelto compuesto por sistema para montaje en pared de teleducha. Este mezclador monomando incluye la tecnolog\u00eda, para que puedas regular tanto el caudal como la temperatura del agua con total facilidad. Su ca\u00f1o tiene un \u00e1ngulo de giro de 360\u00ba y las boquillas son f\u00e1ciles de limpiar. Adem\u00e1s, podr\u00e1s ajustar el \u00e1ngulo del chorro de agua que sale de este ca\u00f1o de ba\u00f1era seg\u00fan tus necesidades, gracias al aireador integrado.<\/p>\n<p>&nbsp;<\/p>\n<p>Visita el producto en nuestra tienda: <a href=\"https:\/\/www.greserg.com\/es-es\/articulo\/conjunto-banera-block--griferia-ducha-bano-suelo\/[BA%C3%91ERABLOCK]\/?_ec=04d34dd321ad4f52831f5119f4ad12a7\">https:\/\/www.greserg.com\/es-es\/articulo\/conjunto-banera-block&#8211;griferia-ducha-bano-suelo\/[BA%C3%91ERABLOCK]\/?_ec=04d34dd321ad4f52831f5119f4ad12a7<\/a><\/p>\n","protected":false},"excerpt":{"rendered":"<p>Lote compuesto por una Ba\u00f1era BLOCK y un grifo de suelo Essence, decora tu ba\u00f1o con la portabilidad y versatilidad que siempre has querido.<\/p>\n","protected":false},"featured_media":5172,"template":"","meta":[],"product_brand":[],"product_cat":[690,930,678],"product_tag":[],"class_list":{"0":"post-5171","1":"product","2":"type-product","3":"status-publish","4":"has-post-thumbnail","6":"product_cat-banos","7":"product_cat-greserg","8":"product_cat-hogar","10":"first","11":"instock","12":"taxable","13":"shipping-taxable","14":"purchasable","15":"product-type-simple"},"_links":{"self":[{"href":"https:\/\/www.afecir.com\/comprar\/wp-json\/wp\/v2\/product\/5171","targetHints":{"allow":["GET"]}}],"collection":[{"href":"https:\/\/www.afecir.com\/comprar\/wp-json\/wp\/v2\/product"}],"about":[{"href":"https:\/\/www.afecir.com\/comprar\/wp-json\/wp\/v2\/types\/product"}],"wp:featuredmedia":[{"embeddable":true,"href":"https:\/\/www.afecir.com\/comprar\/wp-json\/wp\/v2\/media\/5172"}],"wp:attachment":[{"href":"https:\/\/www.afecir.com\/comprar\/wp-json\/wp\/v2\/media?parent=5171"}],"wp:term":[{"taxonomy":"product_brand","embeddable":true,"href":"https:\/\/www.afecir.com\/comprar\/wp-json\/wp\/v2\/product_brand?post=5171"},{"taxonomy":"product_cat","embeddable":true,"href":"https:\/\/www.afecir.com\/comprar\/wp-json\/wp\/v2\/product_cat?post=5171"},{"taxonomy":"product_tag","embeddable":true,"href":"https:\/\/www.afecir.com\/comprar\/wp-json\/wp\/v2\/product_tag?post=5171"}],"curies":[{"name":"wp","href":"https:\/\/api.w.org\/{rel}","templated":true}]}}