{"id":5165,"date":"2021-04-15T11:50:55","date_gmt":"2021-04-15T11:50:55","guid":{"rendered":"https:\/\/www.afecir.com\/comprar\/?post_type=product&#038;p=5165"},"modified":"2021-05-28T09:52:16","modified_gmt":"2021-05-28T09:52:16","slug":"grifo-de-fregadero-mon-concetto","status":"publish","type":"product","link":"https:\/\/www.afecir.com\/comprar\/producto\/grifo-de-fregadero-mon-concetto\/","title":{"rendered":"Grifo de fregadero mon. CONCETTO"},"content":{"rendered":"<p><strong>Grifo de monomando de fregadero<\/strong> 1\/2&#8243; Un grifo semiprofesional, para la cocina de profesionales y particulares. Su estilo recto y singular encaja a la perfecci\u00f3n en cualquier tipo de cocina, haci\u00e9ndolo uno de los grifos m\u00e1s vers\u00e1tiles en la l\u00ednea de fregadero. Disfruta de una potencia de caudal sin igual para la limpieza y de una movilidad flexible y no firme como a la que est\u00e1s acostumbrado.<\/p>\n<p>Caracter\u00edsticas:<\/p>\n<ul>\n<li>Acabado cromado.<\/li>\n<li>Cartucho de discos cer\u00e1micos 28mm.<\/li>\n<li>Restrictor de caudal.<\/li>\n<li>Limitador de temperatura integrado.<\/li>\n<li>Fregadero Profesional.<\/li>\n<li>Flexo higi\u00e9nico.<\/li>\n<li>Inversor: chorro laminar\/chorro concentrado.<\/li>\n<li>Retorno autom\u00e1tico del chorro de agua a chorro laminar.<\/li>\n<li>Im\u00e1n integrado para fijar f\u00e1cilmente a la teleducha.<\/li>\n<li>Ca\u00f1\u00f3n giratorio 360\u00ba<\/li>\n<li>V\u00e1lvula anti-retorno.<\/li>\n<li>Conexiones flexibles.<\/li>\n<li>Sistema de r\u00e1pida instalaci\u00f3n.<\/li>\n<\/ul>\n<p><a href=\"https:\/\/www.afecir.com\/comprar\/wp-content\/uploads\/2021\/04\/grifo-de-fregadero-concetto.pdf\">Ficha t\u00e9cnica.<\/a><\/p>\n","protected":false},"excerpt":{"rendered":"<p><strong>Grifo de monomando de fregadero<\/strong> 1\/2&#8243; Un grifo semiprofesional, para la cocina de profesionales y particulares. Su estilo recto y singular encaja a la perfecci\u00f3n en cualquier tipo de cocina, haci\u00e9ndolo uno de los grifos m\u00e1s vers\u00e1tiles en la l\u00ednea de fregadero. Disfruta de una potencia de caudal sin igual para la limpieza y de una movilidad flexible y no firme como a la que est\u00e1s acostumbrado.<\/p>\n","protected":false},"featured_media":5166,"template":"","meta":[],"product_brand":[],"product_cat":[930,678],"product_tag":[133,891,894,892,893],"class_list":{"0":"post-5165","1":"product","2":"type-product","3":"status-publish","4":"has-post-thumbnail","6":"product_cat-greserg","7":"product_cat-hogar","8":"product_tag-cocina","9":"product_tag-grifo","10":"product_tag-grifo-de-cocina","11":"product_tag-profesional","12":"product_tag-semiprofesional","14":"first","15":"instock","16":"taxable","17":"shipping-taxable","18":"purchasable","19":"product-type-simple"},"_links":{"self":[{"href":"https:\/\/www.afecir.com\/comprar\/wp-json\/wp\/v2\/product\/5165","targetHints":{"allow":["GET"]}}],"collection":[{"href":"https:\/\/www.afecir.com\/comprar\/wp-json\/wp\/v2\/product"}],"about":[{"href":"https:\/\/www.afecir.com\/comprar\/wp-json\/wp\/v2\/types\/product"}],"wp:featuredmedia":[{"embeddable":true,"href":"https:\/\/www.afecir.com\/comprar\/wp-json\/wp\/v2\/media\/5166"}],"wp:attachment":[{"href":"https:\/\/www.afecir.com\/comprar\/wp-json\/wp\/v2\/media?parent=5165"}],"wp:term":[{"taxonomy":"product_brand","embeddable":true,"href":"https:\/\/www.afecir.com\/comprar\/wp-json\/wp\/v2\/product_brand?post=5165"},{"taxonomy":"product_cat","embeddable":true,"href":"https:\/\/www.afecir.com\/comprar\/wp-json\/wp\/v2\/product_cat?post=5165"},{"taxonomy":"product_tag","embeddable":true,"href":"https:\/\/www.afecir.com\/comprar\/wp-json\/wp\/v2\/product_tag?post=5165"}],"curies":[{"name":"wp","href":"https:\/\/api.w.org\/{rel}","templated":true}]}}