{"id":5160,"date":"2021-04-15T11:50:55","date_gmt":"2021-04-15T11:50:55","guid":{"rendered":"https:\/\/www.afecir.com\/comprar\/?post_type=product&#038;p=5160"},"modified":"2021-05-28T09:53:15","modified_gmt":"2021-05-28T09:53:15","slug":"tarima-laminada-rosarno-8mm","status":"publish","type":"product","link":"https:\/\/www.afecir.com\/comprar\/producto\/tarima-laminada-rosarno-8mm\/","title":{"rendered":"Tarima laminada ROSARNO 8MM."},"content":{"rendered":"<p>La\u00a0<strong>tarima flotante<\/strong>\u00a0Roble Rosarno es f\u00e1cil de instalar, resistente, fiel a la luz y al color y absolutamente f\u00e1cil de cuidar.<\/p>\n<p>Su espesor es de 8mm y tiene unas dimensiones de 1383 x 193 mm, una colocaci\u00f3n basada en el click le brinda un instalaci\u00f3n sencilla.<\/p>\n<p>Cada caja contiene 9 piezas, y 2,40 m2 el peso de la caja es de 16,9 kg.<\/p>\n<p>Cada pal\u00e9 tiene 52 cajas y 124.92 M2. El peso total del pal\u00e9 ser\u00eda de 876,10 kg.<\/p>\n<p><a href=\"https:\/\/www.afecir.com\/comprar\/wp-content\/uploads\/2021\/04\/tarima-laminada.pdf\">Ficha t\u00e9cnica.\u00a0<\/a><\/p>\n<p><strong><span style=\"color: #ffcc00\">EL PRODUCTO SE VENDE POR M2.<\/span><\/strong><\/p>\n","protected":false},"excerpt":{"rendered":"<p>La\u00a0<strong>tarima flotante<\/strong>\u00a0Roble Rosarno es f\u00e1cil de instalar, resistente, fiel a la luz y al color y absolutamente f\u00e1cil de cuidar.<\/p>\n","protected":false},"featured_media":5162,"template":"","meta":[],"product_brand":[],"product_cat":[691,763,930,678],"product_tag":[903,890,901,902],"class_list":{"0":"post-5160","1":"product","2":"type-product","3":"status-publish","4":"has-post-thumbnail","6":"product_cat-bricolaje","7":"product_cat-construccion","8":"product_cat-greserg","9":"product_cat-hogar","10":"product_tag-roble","11":"product_tag-suelo","12":"product_tag-tarima","13":"product_tag-tarima-laminada","15":"first","16":"instock","17":"taxable","18":"shipping-taxable","19":"purchasable","20":"product-type-simple"},"_links":{"self":[{"href":"https:\/\/www.afecir.com\/comprar\/wp-json\/wp\/v2\/product\/5160","targetHints":{"allow":["GET"]}}],"collection":[{"href":"https:\/\/www.afecir.com\/comprar\/wp-json\/wp\/v2\/product"}],"about":[{"href":"https:\/\/www.afecir.com\/comprar\/wp-json\/wp\/v2\/types\/product"}],"wp:featuredmedia":[{"embeddable":true,"href":"https:\/\/www.afecir.com\/comprar\/wp-json\/wp\/v2\/media\/5162"}],"wp:attachment":[{"href":"https:\/\/www.afecir.com\/comprar\/wp-json\/wp\/v2\/media?parent=5160"}],"wp:term":[{"taxonomy":"product_brand","embeddable":true,"href":"https:\/\/www.afecir.com\/comprar\/wp-json\/wp\/v2\/product_brand?post=5160"},{"taxonomy":"product_cat","embeddable":true,"href":"https:\/\/www.afecir.com\/comprar\/wp-json\/wp\/v2\/product_cat?post=5160"},{"taxonomy":"product_tag","embeddable":true,"href":"https:\/\/www.afecir.com\/comprar\/wp-json\/wp\/v2\/product_tag?post=5160"}],"curies":[{"name":"wp","href":"https:\/\/api.w.org\/{rel}","templated":true}]}}