{"id":4896,"date":"2021-01-23T11:43:48","date_gmt":"2021-01-23T11:43:48","guid":{"rendered":"https:\/\/www.afecir.com\/comprar\/?post_type=product&#038;p=4896"},"modified":"2021-01-23T11:43:49","modified_gmt":"2021-01-23T11:43:49","slug":"bezzerwizer-falomir","status":"publish","type":"product","link":"https:\/\/www.afecir.com\/comprar\/producto\/bezzerwizer-falomir\/","title":{"rendered":"bezzerwizer Falomir"},"content":{"rendered":"<p>El juego que pondr\u00e1 a prueba tu conocimiento y tu estrategia. En cada ronda deber\u00e1s contestar las preguntas de cuatro categor\u00edas que habr\u00e1s sacado de la bolsa. Puedes usar tus comodines para contestar por otro jugador y ganar m\u00e1s puntos o simplemente r\u00f3bale su categor\u00eda favorita, pero recuerda&#8230; \u00a1\u00a1\u00a1te pueden hacer lo mismo a ti tambi\u00e9n!!! \u00bfTe atreves con el reto <strong>Bezzerwizzer<\/strong>? m\u00e1s de4000 preguntas y 20 categorias.<\/p>\n<p>Contenido:<\/p>\n<ul>\n<li>200 tarjetas<\/li>\n<li>20 fichas categor\u00edas<\/li>\n<li>4 fichas ZWAP (1 de cada color)<\/li>\n<li>8 fichas BEZZERWIZZER (2 de cada color)<\/li>\n<li>4 peones (1 de cada color)<\/li>\n<li>1 caja porta-tarjetas<\/li>\n<li>1 bolsa de tela para las fichas de categor\u00edas<\/li>\n<li>1 tablero central<\/li>\n<li>4 tableros individuales<\/li>\n<li>Instrucciones<\/li>\n<\/ul>\n","protected":false},"excerpt":{"rendered":"<p>Bezzerwizer, un juego que te enganchar\u00e1, m\u00e1s de 4000 preguntas de 20 categor\u00edas diferentes \u00bfte atreves a retar a tu familia a jugar?<\/p>\n<p>A partir de 2 jugadores,<\/p>\n<p>M\u00e1s de 16 a\u00f1os.<\/p>\n","protected":false},"featured_media":4898,"template":"","meta":[],"product_brand":[],"product_cat":[149,687,43],"product_tag":[862,861,863,864,264,130],"class_list":{"0":"post-4896","1":"product","2":"type-product","3":"status-publish","4":"has-post-thumbnail","6":"product_cat-bazar-satur","7":"product_cat-jugueteria","8":"product_cat-jugueteria-y-puericultura","9":"product_tag-entretenimiento","10":"product_tag-juegos-de-mesa","11":"product_tag-juegosen-familia","12":"product_tag-jugaren-casa","13":"product_tag-juguetes","14":"product_tag-regalo","16":"first","17":"instock","18":"taxable","19":"shipping-taxable","20":"purchasable","21":"product-type-simple"},"_links":{"self":[{"href":"https:\/\/www.afecir.com\/comprar\/wp-json\/wp\/v2\/product\/4896","targetHints":{"allow":["GET"]}}],"collection":[{"href":"https:\/\/www.afecir.com\/comprar\/wp-json\/wp\/v2\/product"}],"about":[{"href":"https:\/\/www.afecir.com\/comprar\/wp-json\/wp\/v2\/types\/product"}],"wp:featuredmedia":[{"embeddable":true,"href":"https:\/\/www.afecir.com\/comprar\/wp-json\/wp\/v2\/media\/4898"}],"wp:attachment":[{"href":"https:\/\/www.afecir.com\/comprar\/wp-json\/wp\/v2\/media?parent=4896"}],"wp:term":[{"taxonomy":"product_brand","embeddable":true,"href":"https:\/\/www.afecir.com\/comprar\/wp-json\/wp\/v2\/product_brand?post=4896"},{"taxonomy":"product_cat","embeddable":true,"href":"https:\/\/www.afecir.com\/comprar\/wp-json\/wp\/v2\/product_cat?post=4896"},{"taxonomy":"product_tag","embeddable":true,"href":"https:\/\/www.afecir.com\/comprar\/wp-json\/wp\/v2\/product_tag?post=4896"}],"curies":[{"name":"wp","href":"https:\/\/api.w.org\/{rel}","templated":true}]}}