{"id":4257,"date":"2020-10-05T07:13:08","date_gmt":"2020-10-05T07:13:08","guid":{"rendered":"https:\/\/www.afecir.com\/comprar\/?post_type=product&#038;p=4257"},"modified":"2025-11-27T12:34:42","modified_gmt":"2025-11-27T12:34:42","slug":"caracol-ecologico-en-bote-800ml","status":"publish","type":"product","link":"https:\/\/www.afecir.com\/comprar\/producto\/caracol-ecologico-en-bote-800ml\/","title":{"rendered":"Caracol ecol\u00f3gico en bote 800 ml. (Caja de 6 unidades)"},"content":{"rendered":"<p>Caracol con certificaci\u00f3n ecol\u00f3gica, limpio y \u00abenga\u00f1ado\u00bb. Listo para a\u00f1adir la salsa que m\u00e1s guste.<\/p>\n<p>Caja de 6 unidades (cada bote le sale por 11,99 \u20ac)<\/p>\n","protected":false},"excerpt":{"rendered":"<p>Caracol con certificaci\u00f3n ecol\u00f3gica, limpio y \u00abenga\u00f1ado\u00bb. Listo para a\u00f1adir la salsa que m\u00e1s guste.<\/p>\n<p>Visitamos en <a href=\"https:\/\/helixzamarro.com\/web\/\" target=\"_blank\" rel=\"noopener noreferrer\">www.helixzamarro.com<\/a><\/p>\n<p>&nbsp;<\/p>\n<p>&nbsp;<\/p>\n","protected":false},"featured_media":5357,"template":"","meta":[],"product_brand":[],"product_cat":[117,683,751],"product_tag":[],"class_list":{"0":"post-4257","1":"product","2":"type-product","3":"status-publish","4":"has-post-thumbnail","6":"product_cat-alimentacion","7":"product_cat-caracoles","8":"product_cat-helix-zamarro","10":"first","11":"outofstock","12":"sale","13":"taxable","14":"shipping-taxable","15":"purchasable","16":"product-type-simple"},"_links":{"self":[{"href":"https:\/\/www.afecir.com\/comprar\/wp-json\/wp\/v2\/product\/4257","targetHints":{"allow":["GET"]}}],"collection":[{"href":"https:\/\/www.afecir.com\/comprar\/wp-json\/wp\/v2\/product"}],"about":[{"href":"https:\/\/www.afecir.com\/comprar\/wp-json\/wp\/v2\/types\/product"}],"wp:featuredmedia":[{"embeddable":true,"href":"https:\/\/www.afecir.com\/comprar\/wp-json\/wp\/v2\/media\/5357"}],"wp:attachment":[{"href":"https:\/\/www.afecir.com\/comprar\/wp-json\/wp\/v2\/media?parent=4257"}],"wp:term":[{"taxonomy":"product_brand","embeddable":true,"href":"https:\/\/www.afecir.com\/comprar\/wp-json\/wp\/v2\/product_brand?post=4257"},{"taxonomy":"product_cat","embeddable":true,"href":"https:\/\/www.afecir.com\/comprar\/wp-json\/wp\/v2\/product_cat?post=4257"},{"taxonomy":"product_tag","embeddable":true,"href":"https:\/\/www.afecir.com\/comprar\/wp-json\/wp\/v2\/product_tag?post=4257"}],"curies":[{"name":"wp","href":"https:\/\/api.w.org\/{rel}","templated":true}]}}