{"id":4207,"date":"2020-08-21T17:06:59","date_gmt":"2020-08-21T17:06:59","guid":{"rendered":"https:\/\/www.afecir.com\/comprar\/?post_type=product&#038;p=4207"},"modified":"2020-08-28T18:25:55","modified_gmt":"2020-08-28T18:25:55","slug":"album-infancia-y-fragancia","status":"publish","type":"product","link":"https:\/\/www.afecir.com\/comprar\/producto\/album-infancia-y-fragancia\/","title":{"rendered":"\u00c1lbum Infancia y Fragancia"},"content":{"rendered":"<p>\u00c1lbum fotogr\u00e1fico tama\u00f1o 25 x 25 cm<\/p>\n<p>Colores: gris, rosa y azul<\/p>\n<p>Fragancias: lavanda o mustela<\/p>\n<p>12 pliegos gruesos con fotos impresas<\/p>\n<p>Incluye bolsa de terciopelo para guardarlo<\/p>\n<p>Personalizaci\u00f3n con fotograf\u00eda principal en la portada<\/p>\n<p><a href=\"http:\/\/www.fantasiacreativa.com\" target=\"_blank\" rel=\"noopener noreferrer\">http:\/\/www.fantasiacreativa.com<\/a><\/p>\n","protected":false},"excerpt":{"rendered":"<p>Este \u00e1lbum es tan ideal, que adem\u00e1s de conservar las mejores fotograf\u00edas de tu beb\u00e9, huele a ellos.<\/p>\n","protected":false},"featured_media":4209,"template":"","meta":[],"product_brand":[],"product_cat":[708,719],"product_tag":[744,742,743,726,732,727],"class_list":{"0":"post-4207","1":"product","2":"type-product","3":"status-publish","4":"has-post-thumbnail","6":"product_cat-fantarishart","7":"product_cat-fotografia","8":"product_tag-album-con-fragancia","9":"product_tag-album-fotografico","10":"product_tag-bebes","11":"product_tag-fotografia","12":"product_tag-regalo-personalizado","13":"product_tag-sesion-fotografica","15":"first","16":"instock","17":"taxable","18":"shipping-taxable","19":"purchasable","20":"product-type-variable"},"_links":{"self":[{"href":"https:\/\/www.afecir.com\/comprar\/wp-json\/wp\/v2\/product\/4207","targetHints":{"allow":["GET"]}}],"collection":[{"href":"https:\/\/www.afecir.com\/comprar\/wp-json\/wp\/v2\/product"}],"about":[{"href":"https:\/\/www.afecir.com\/comprar\/wp-json\/wp\/v2\/types\/product"}],"wp:featuredmedia":[{"embeddable":true,"href":"https:\/\/www.afecir.com\/comprar\/wp-json\/wp\/v2\/media\/4209"}],"wp:attachment":[{"href":"https:\/\/www.afecir.com\/comprar\/wp-json\/wp\/v2\/media?parent=4207"}],"wp:term":[{"taxonomy":"product_brand","embeddable":true,"href":"https:\/\/www.afecir.com\/comprar\/wp-json\/wp\/v2\/product_brand?post=4207"},{"taxonomy":"product_cat","embeddable":true,"href":"https:\/\/www.afecir.com\/comprar\/wp-json\/wp\/v2\/product_cat?post=4207"},{"taxonomy":"product_tag","embeddable":true,"href":"https:\/\/www.afecir.com\/comprar\/wp-json\/wp\/v2\/product_tag?post=4207"}],"curies":[{"name":"wp","href":"https:\/\/api.w.org\/{rel}","templated":true}]}}