{"id":4098,"date":"2020-08-06T13:56:46","date_gmt":"2020-08-06T13:56:46","guid":{"rendered":"https:\/\/www.afecir.com\/comprar\/?post_type=product&#038;p=4098"},"modified":"2021-05-28T10:06:44","modified_gmt":"2021-05-28T10:06:44","slug":"grifo-monomando-banera-bano-ducha-con-accesorios-de-ducha-cromo","status":"publish","type":"product","link":"https:\/\/www.afecir.com\/comprar\/producto\/grifo-monomando-banera-bano-ducha-con-accesorios-de-ducha-cromo\/","title":{"rendered":"Grifo monomando ba\u00f1era Ba\u00f1o-ducha con accesorios de ducha, Cromo"},"content":{"rendered":"<p><span data-sheets-value=\"{&quot;1&quot;:2,&quot;2&quot;:&quot;Grupo ba\u00f1o-ducha monomando modelo albos de grifer\u00edas galindo; acabado cromo; certificado por aenor; instalaci\u00f3n mural.\\nFabricado en lat\u00f3n cromado; cartucho sellado mezclador con discos cer\u00e1micos de di\u00e1metro 35 mm; suministrado con \\nexc\u00e9ntricas entrada hembra 3\/4\\&quot;\\&quot; y embellecedor\\&quot;\\nSuministrado con accesorios de ducha\\nFabricado en espa\u00f1a&quot;}\" data-sheets-userformat=\"{&quot;2&quot;:23235,&quot;3&quot;:{&quot;1&quot;:0},&quot;4&quot;:{&quot;1&quot;:2,&quot;2&quot;:16777215},&quot;9&quot;:0,&quot;10&quot;:0,&quot;12&quot;:0,&quot;14&quot;:{&quot;1&quot;:2,&quot;2&quot;:1118481},&quot;15&quot;:&quot;Arial&quot;,&quot;17&quot;:0}\">Grupo ba\u00f1o-ducha monomando modelo albos; acabado cromo; certificado por aenor; instalaci\u00f3n mural.<br \/>\nFabricado en lat\u00f3n cromado; cartucho sellado mezclador con discos cer\u00e1micos de di\u00e1metro 35 mm; suministrado con<br \/>\nexc\u00e9ntricas entrada hembra 3\/4&#8243;\u00bb y embellecedor\u00bb<br \/>\nSuministrado con accesorios de ducha<br \/>\nFabricado en Espa\u00f1a<\/span><\/p>\n<p>Descripci\u00f3n t\u00e9cnica:<\/p>\n<p><span data-sheets-value=\"{&quot;1&quot;:2,&quot;2&quot;:&quot;Identificador de producto del fabricante: 7121000\\r\\nPeso del producto: 1,8 Kg\\r\\nDimensiones del producto: 18 x 14,3 x 9,6 cm\\r\\nColor: Plata Cromado\\r\\nEstilo: Grifo Ba\u00f1o Ducha\\r\\nAcabado: Cromo (revestimiento)\\r\\nMaterial: Lat\u00f3n&quot;}\" data-sheets-userformat=\"{&quot;2&quot;:641,&quot;3&quot;:{&quot;1&quot;:0},&quot;10&quot;:0,&quot;12&quot;:0}\">Identificador de producto del fabricante: 7121000<br \/>\nPeso del producto: 1,8 Kg<br \/>\nDimensiones del producto: 18 x 14,3 x 9,6 cm<br \/>\nColor: Plata Cromado<br \/>\nEstilo: Grifo Ba\u00f1o Ducha<br \/>\nAcabado: Cromo (revestimiento)<br \/>\nMaterial: Lat\u00f3n<\/span><\/p>\n<p><a href=\"https:\/\/www.afecir.com\/comprar\/wp-content\/uploads\/2020\/08\/grifo-monomando-ducha-ba\u00f1era.pdf\" target=\"_blank\" rel=\"noopener noreferrer\">Ficha t\u00e9cnica<\/a><\/p>\n","protected":false},"excerpt":{"rendered":"<p><span data-sheets-value=\"{&quot;1&quot;:2,&quot;2&quot;:&quot;Grupo ba\u00f1o-ducha monomando modelo albos de grifer\u00edas galindo; acabado cromo; certificado por aenor; instalaci\u00f3n mural.\\nFabricado en lat\u00f3n cromado; cartucho sellado mezclador con discos cer\u00e1micos de di\u00e1metro 35 mm; suministrado con \\nexc\u00e9ntricas entrada hembra 3\/4\\&quot;\\&quot; y embellecedor\\&quot;\\nSuministrado con accesorios de ducha\\nFabricado en espa\u00f1a&quot;}\" data-sheets-userformat=\"{&quot;2&quot;:23235,&quot;3&quot;:{&quot;1&quot;:0},&quot;4&quot;:{&quot;1&quot;:2,&quot;2&quot;:16777215},&quot;9&quot;:0,&quot;10&quot;:0,&quot;12&quot;:0,&quot;14&quot;:{&quot;1&quot;:2,&quot;2&quot;:1118481},&quot;15&quot;:&quot;Arial&quot;,&quot;17&quot;:0}\">Grupo ba\u00f1o-ducha monomando modelo albos.<\/span><\/p>\n","protected":false},"featured_media":5153,"template":"","meta":[],"product_brand":[],"product_cat":[690,930],"product_tag":[916,904,915,912,891,917],"class_list":{"0":"post-4098","1":"product","2":"type-product","3":"status-publish","4":"has-post-thumbnail","6":"product_cat-banos","7":"product_cat-greserg","8":"product_tag-banera","9":"product_tag-bano","10":"product_tag-ducha","11":"product_tag-griferia","12":"product_tag-grifo","13":"product_tag-grifo-de-bano","15":"first","16":"instock","17":"taxable","18":"shipping-taxable","19":"purchasable","20":"product-type-simple"},"_links":{"self":[{"href":"https:\/\/www.afecir.com\/comprar\/wp-json\/wp\/v2\/product\/4098","targetHints":{"allow":["GET"]}}],"collection":[{"href":"https:\/\/www.afecir.com\/comprar\/wp-json\/wp\/v2\/product"}],"about":[{"href":"https:\/\/www.afecir.com\/comprar\/wp-json\/wp\/v2\/types\/product"}],"wp:featuredmedia":[{"embeddable":true,"href":"https:\/\/www.afecir.com\/comprar\/wp-json\/wp\/v2\/media\/5153"}],"wp:attachment":[{"href":"https:\/\/www.afecir.com\/comprar\/wp-json\/wp\/v2\/media?parent=4098"}],"wp:term":[{"taxonomy":"product_brand","embeddable":true,"href":"https:\/\/www.afecir.com\/comprar\/wp-json\/wp\/v2\/product_brand?post=4098"},{"taxonomy":"product_cat","embeddable":true,"href":"https:\/\/www.afecir.com\/comprar\/wp-json\/wp\/v2\/product_cat?post=4098"},{"taxonomy":"product_tag","embeddable":true,"href":"https:\/\/www.afecir.com\/comprar\/wp-json\/wp\/v2\/product_tag?post=4098"}],"curies":[{"name":"wp","href":"https:\/\/api.w.org\/{rel}","templated":true}]}}