{"id":3921,"date":"2020-08-02T18:58:34","date_gmt":"2020-08-02T18:58:34","guid":{"rendered":"https:\/\/www.afecir.com\/comprar\/?post_type=product&#038;p=3921"},"modified":"2020-10-08T08:29:37","modified_gmt":"2020-10-08T08:29:37","slug":"zapato-de-hombre-fluchos","status":"publish","type":"product","link":"https:\/\/www.afecir.com\/comprar\/producto\/zapato-de-hombre-fluchos\/","title":{"rendered":"Zapato de hombre FLUCHOS"},"content":{"rendered":"<p>Zapato con cord\u00f3n, marca Fluchos, para hombre muy c\u00f3modo e ideal para todas las temporadas.<\/p>\n<p>Fluchos trabaja con pieles de primera calidad. Que para la comodidad es el punto m\u00e1s importante.<\/p>\n<p>Su plantilla es 100% transpirable, ya que absorbe el sudor para que el pie est\u00e9 siempre seco y a la vez amortigua el impacto de la pisada. El piso es flexible, fabricado en goma y su color va al tono de la piel del zapato.<\/p>\n<p>Disponibles en azul marino y color cuero. Fabricado en Espa\u00f1a.<\/p>\n<p>&nbsp;<\/p>\n","protected":false},"excerpt":{"rendered":"<p>Si buscas un calzado c\u00f3modo, para todo tiempo, flexible y muy vers\u00e1til, \u00e9ste es el modelo que est\u00e1s buscando. Elegante e informal, para cualquier look, te convencer\u00e1.<\/p>\n<p>Y si a\u00fan no has probado Fluchos, prueba y no te arrepentir\u00e1s.<\/p>\n","protected":false},"featured_media":3935,"template":"","meta":[],"product_brand":[],"product_cat":[634,51,702],"product_tag":[227,688,362,689],"class_list":{"0":"post-3921","1":"product","2":"type-product","3":"status-publish","4":"has-post-thumbnail","6":"product_cat-an-ber","7":"product_cat-zapateria","8":"product_cat-zapatos-hombre","9":"product_tag-comodidad","10":"product_tag-fluchos","11":"product_tag-hombre","12":"product_tag-zapato","14":"first","15":"instock","16":"sold-individually","17":"taxable","18":"shipping-taxable","19":"purchasable","20":"product-type-variable"},"_links":{"self":[{"href":"https:\/\/www.afecir.com\/comprar\/wp-json\/wp\/v2\/product\/3921","targetHints":{"allow":["GET"]}}],"collection":[{"href":"https:\/\/www.afecir.com\/comprar\/wp-json\/wp\/v2\/product"}],"about":[{"href":"https:\/\/www.afecir.com\/comprar\/wp-json\/wp\/v2\/types\/product"}],"wp:featuredmedia":[{"embeddable":true,"href":"https:\/\/www.afecir.com\/comprar\/wp-json\/wp\/v2\/media\/3935"}],"wp:attachment":[{"href":"https:\/\/www.afecir.com\/comprar\/wp-json\/wp\/v2\/media?parent=3921"}],"wp:term":[{"taxonomy":"product_brand","embeddable":true,"href":"https:\/\/www.afecir.com\/comprar\/wp-json\/wp\/v2\/product_brand?post=3921"},{"taxonomy":"product_cat","embeddable":true,"href":"https:\/\/www.afecir.com\/comprar\/wp-json\/wp\/v2\/product_cat?post=3921"},{"taxonomy":"product_tag","embeddable":true,"href":"https:\/\/www.afecir.com\/comprar\/wp-json\/wp\/v2\/product_tag?post=3921"}],"curies":[{"name":"wp","href":"https:\/\/api.w.org\/{rel}","templated":true}]}}