{"id":3396,"date":"2020-07-31T15:00:31","date_gmt":"2020-07-31T15:00:31","guid":{"rendered":"https:\/\/www.afecir.com\/comprar\/?post_type=product&#038;p=3396"},"modified":"2020-08-03T13:09:23","modified_gmt":"2020-08-03T13:09:23","slug":"collar-dorado-victoria-cruz","status":"publish","type":"product","link":"https:\/\/www.afecir.com\/comprar\/producto\/collar-dorado-victoria-cruz\/","title":{"rendered":"Collar dorado VICTORIA CRUZ"},"content":{"rendered":"<p>Collar gargantilla corta en Plata de Ley 925 con ba\u00f1o de oro de 24 quilates.<\/p>\n<p>En ella destaca el cristal de Swarovski\u00ae en color negro engastado en cuatro garras el cual le aporta un toque de elegancia.<\/p>\n<p>La cadena tiene un eslab\u00f3n sencillo ligero y c\u00f3modo para el d\u00eda a d\u00eda. En la parte del cierre lleva un alargador para poder adaptarla en varias medidas de largo.<\/p>\n<p>El colgante con su forma tubular abstracta deja reflejado el dise\u00f1o a esta joya.<\/p>\n<p>&nbsp;<\/p>\n<p>&nbsp;<\/p>\n<p>&nbsp;<\/p>\n<p>&nbsp;<\/p>\n","protected":false},"excerpt":{"rendered":"<p>\u00a1\u00a1Enam\u00f3rate de las joyas que te acompa\u00f1an cada d\u00eda y date el capricho que te mereces!!<\/p>\n<p>&nbsp;<\/p>\n<p>&nbsp;<\/p>\n","protected":false},"featured_media":3397,"template":"","meta":[],"product_brand":[],"product_cat":[156,152,153],"product_tag":[597,596,594,595],"class_list":{"0":"post-3396","1":"product","2":"type-product","3":"status-publish","4":"has-post-thumbnail","6":"product_cat-joyas","7":"product_cat-joyeria-vasconcellos","8":"product_cat-joyeria-relojeria","9":"product_tag-cristal-swarovski","10":"product_tag-disenos","11":"product_tag-gargantilla","12":"product_tag-plata-dorada","14":"first","15":"instock","16":"sold-individually","17":"taxable","18":"shipping-taxable","19":"purchasable","20":"product-type-simple"},"_links":{"self":[{"href":"https:\/\/www.afecir.com\/comprar\/wp-json\/wp\/v2\/product\/3396","targetHints":{"allow":["GET"]}}],"collection":[{"href":"https:\/\/www.afecir.com\/comprar\/wp-json\/wp\/v2\/product"}],"about":[{"href":"https:\/\/www.afecir.com\/comprar\/wp-json\/wp\/v2\/types\/product"}],"wp:featuredmedia":[{"embeddable":true,"href":"https:\/\/www.afecir.com\/comprar\/wp-json\/wp\/v2\/media\/3397"}],"wp:attachment":[{"href":"https:\/\/www.afecir.com\/comprar\/wp-json\/wp\/v2\/media?parent=3396"}],"wp:term":[{"taxonomy":"product_brand","embeddable":true,"href":"https:\/\/www.afecir.com\/comprar\/wp-json\/wp\/v2\/product_brand?post=3396"},{"taxonomy":"product_cat","embeddable":true,"href":"https:\/\/www.afecir.com\/comprar\/wp-json\/wp\/v2\/product_cat?post=3396"},{"taxonomy":"product_tag","embeddable":true,"href":"https:\/\/www.afecir.com\/comprar\/wp-json\/wp\/v2\/product_tag?post=3396"}],"curies":[{"name":"wp","href":"https:\/\/api.w.org\/{rel}","templated":true}]}}