{"id":3355,"date":"2020-07-07T17:17:23","date_gmt":"2020-07-07T17:17:23","guid":{"rendered":"https:\/\/www.afecir.com\/comprar\/?post_type=product&#038;p=3355"},"modified":"2020-08-21T13:45:26","modified_gmt":"2020-08-21T13:45:26","slug":"paleta-iberica-de-cebo-de-campo-50-raza-iberica-la-encina-charra","status":"publish","type":"product","link":"https:\/\/www.afecir.com\/comprar\/producto\/paleta-iberica-de-cebo-de-campo-50-raza-iberica-la-encina-charra\/","title":{"rendered":"Paleta ib\u00e9rica de cebo de campo 50% raza ib\u00e9rica &#8211; LA ENCINA CHARRA"},"content":{"rendered":"<p>Paleta ib\u00e9rica de cebo de campo 50% raza ib\u00e9rica.<\/p>\n<p>Procedente de cerdos ib\u00e9ricos criados en libertad alimentados aprovechando los recursos naturales de la dehesa Salmantina de Gallegos de Arga\u00f1\u00e1n y piensos naturales.<\/p>\n<p>Con un \u00f3ptimo punto de curaci\u00f3n de m\u00e1s de 36 meses. De producci\u00f3n limitada y elaborado de manera artesanal.<\/p>\n<p>AL\u00c9RGENOS<br \/>\nNo contiene gluten ni lactosa.<\/p>\n","protected":false},"excerpt":{"rendered":"<p>Paleta ib\u00e9rica de cebo de campo 50% raza ib\u00e9rica procedente de animales criados en libertad.<\/p>\n","protected":false},"featured_media":3337,"template":"","meta":[],"product_brand":[],"product_cat":[117,391,116],"product_tag":[548,545,555,553],"class_list":{"0":"post-3355","1":"product","2":"type-product","3":"status-publish","4":"has-post-thumbnail","6":"product_cat-alimentacion","7":"product_cat-embutidos","8":"product_cat-la-encina-charra","9":"product_tag-cerdo-iberico","10":"product_tag-embutidos","11":"product_tag-iberica","12":"product_tag-paleta","14":"first","15":"instock","16":"taxable","17":"shipping-taxable","18":"purchasable","19":"product-type-simple"},"_links":{"self":[{"href":"https:\/\/www.afecir.com\/comprar\/wp-json\/wp\/v2\/product\/3355","targetHints":{"allow":["GET"]}}],"collection":[{"href":"https:\/\/www.afecir.com\/comprar\/wp-json\/wp\/v2\/product"}],"about":[{"href":"https:\/\/www.afecir.com\/comprar\/wp-json\/wp\/v2\/types\/product"}],"wp:featuredmedia":[{"embeddable":true,"href":"https:\/\/www.afecir.com\/comprar\/wp-json\/wp\/v2\/media\/3337"}],"wp:attachment":[{"href":"https:\/\/www.afecir.com\/comprar\/wp-json\/wp\/v2\/media?parent=3355"}],"wp:term":[{"taxonomy":"product_brand","embeddable":true,"href":"https:\/\/www.afecir.com\/comprar\/wp-json\/wp\/v2\/product_brand?post=3355"},{"taxonomy":"product_cat","embeddable":true,"href":"https:\/\/www.afecir.com\/comprar\/wp-json\/wp\/v2\/product_cat?post=3355"},{"taxonomy":"product_tag","embeddable":true,"href":"https:\/\/www.afecir.com\/comprar\/wp-json\/wp\/v2\/product_tag?post=3355"}],"curies":[{"name":"wp","href":"https:\/\/api.w.org\/{rel}","templated":true}]}}