{"id":3237,"date":"2020-07-03T16:26:49","date_gmt":"2020-07-03T16:26:49","guid":{"rendered":"https:\/\/www.afecir.com\/comprar\/?post_type=product&#038;p=3237"},"modified":"2020-07-31T09:33:04","modified_gmt":"2020-07-31T09:33:04","slug":"sello-automatico-modico-m5","status":"publish","type":"product","link":"https:\/\/www.afecir.com\/comprar\/producto\/sello-automatico-modico-m5\/","title":{"rendered":"Sello autom\u00e1tico MODICO M5"},"content":{"rendered":"<p>Sello autom\u00e1tico MODICO M5.<\/p>\n<p>Medida de la placa: 68 x 28 mm. Superficie \u00fatil: 63 \u00d7 24 mm. Medida de la carcasa: 86 x 46 x 78 mm.<\/p>\n<p>Fabricados con tecnolog\u00eda Flash que sustituye los m\u00e9todos anticuados, complejos, costosos y perjudiciales para el medio ambiente, para la producci\u00f3n de sellos utilizando\u00a0componentes de alta calidad que garantizan una larga durabilidad del sello y una impresi\u00f3n precisa.<\/p>\n<p>Con una almohadilla entintada consigues hasta 20.000 impresiones. La placa de texto y la almohadilla son reemplazables y reentintable.<\/p>\n<p>&nbsp;<\/p>\n<p><strong>\u00bfC\u00f3mo encargar tu sello?<\/strong><\/p>\n<p>Puedes comprar los sellos a trav\u00e9s de esta p\u00e1gina y luego enviarnos el archivo o los datos que quieras que aparezcan en ellos a trav\u00e9s del e-mail: <a href=\"mailto:lletra@lletra.es\">lletra@lletra.es<\/a><\/p>\n<p>Ind\u00edcanos tu nombre, tel\u00e9fono y n\u00famero de pedido. Una vez fabricados, recibir\u00e1s tus sellos en la direcci\u00f3n que nos indiques.<\/p>\n<p>O tambi\u00e9n, puedes ponerte en contacto con nosotros y te atenderemos en persona durante todo el proceso desde el principio hasta la recogida del pedido en nuestras instalaciones.<\/p>\n<p>&nbsp;<\/p>\n<p><strong>Plazos de entrega:<\/strong><\/p>\n<p>Al ser un producto personalizado, el plazo de entrega se confirmar\u00e1 una vez realizado y comprobado el archivo enviado para imprimir.<\/p>\n<p>&nbsp;<\/p>\n<p><strong>Devoluciones:<\/strong><\/p>\n<p>Todos nuestros productos se fabrican bajo demanda y de forma personalizada. Para iniciar el proceso de fabricaci\u00f3n o impresi\u00f3n es necesario el visto bueno del cliente. Solo se admiten devoluciones en caso de que el producto est\u00e9 defectuoso.<\/p>\n","protected":false},"excerpt":{"rendered":"<p>Sello autom\u00e1tico MODICO con almohadilla de tinta azul.<\/p>\n<p>Sello M5 con placa de\u00a068 x 28 mm<\/p>\n<p>Ideal para oficinas por su comodidad, durabilidad y limpieza.<\/p>\n","protected":false},"featured_media":3917,"template":"","meta":[],"product_brand":[],"product_cat":[125,126,127,445,44,49],"product_tag":[407,406,405,185,408],"class_list":{"0":"post-3237","1":"product","2":"type-product","3":"status-publish","4":"has-post-thumbnail","6":"product_cat-artes-graficas","7":"product_cat-imprenta","8":"product_cat-imprenta-lletra","9":"product_cat-material-de-oficina","10":"product_cat-papeleria-libreria","11":"product_cat-publicidad","12":"product_tag-material-oficina","13":"product_tag-modico","14":"product_tag-sello-automatico","15":"product_tag-sellos","16":"product_tag-tinta","18":"first","19":"instock","20":"taxable","21":"shipping-taxable","22":"purchasable","23":"product-type-variable"},"_links":{"self":[{"href":"https:\/\/www.afecir.com\/comprar\/wp-json\/wp\/v2\/product\/3237","targetHints":{"allow":["GET"]}}],"collection":[{"href":"https:\/\/www.afecir.com\/comprar\/wp-json\/wp\/v2\/product"}],"about":[{"href":"https:\/\/www.afecir.com\/comprar\/wp-json\/wp\/v2\/types\/product"}],"wp:featuredmedia":[{"embeddable":true,"href":"https:\/\/www.afecir.com\/comprar\/wp-json\/wp\/v2\/media\/3917"}],"wp:attachment":[{"href":"https:\/\/www.afecir.com\/comprar\/wp-json\/wp\/v2\/media?parent=3237"}],"wp:term":[{"taxonomy":"product_brand","embeddable":true,"href":"https:\/\/www.afecir.com\/comprar\/wp-json\/wp\/v2\/product_brand?post=3237"},{"taxonomy":"product_cat","embeddable":true,"href":"https:\/\/www.afecir.com\/comprar\/wp-json\/wp\/v2\/product_cat?post=3237"},{"taxonomy":"product_tag","embeddable":true,"href":"https:\/\/www.afecir.com\/comprar\/wp-json\/wp\/v2\/product_tag?post=3237"}],"curies":[{"name":"wp","href":"https:\/\/api.w.org\/{rel}","templated":true}]}}