{"id":3086,"date":"2020-07-02T18:25:37","date_gmt":"2020-07-02T18:25:37","guid":{"rendered":"https:\/\/www.afecir.com\/comprar\/?post_type=product&#038;p=3086"},"modified":"2020-10-15T09:32:47","modified_gmt":"2020-10-15T09:32:47","slug":"gafa-de-sol-femenina-gigi-studios-6455","status":"publish","type":"product","link":"https:\/\/www.afecir.com\/comprar\/producto\/gafa-de-sol-femenina-gigi-studios-6455\/","title":{"rendered":"Gafa de Sol femenina GIGI STUDIOS 6455"},"content":{"rendered":"<p>Gafa fabricada a mano (Handmade) en acetato veteado marr\u00f3n de forma hexagonal, ofreciendo una imagen distinta que conseguir\u00e1 un estilo \u00fanico y diferente.<\/p>\n<p>Sus lentes en color verde degradado oscuro proporciona un extraordinario confort visual y un buen contraste. Fabricadas en materia CR39 con antirreflejante en cara interna para reducir los reflejos residuales. Categor\u00eda 3.<\/p>\n<p>Protecci\u00f3n U.V.<\/p>\n<p>Incluye dos fundas, una semi-r\u00edgida y otra tipo saco. Todo el conjunto viene estuchado en una caja de cart\u00f3n duro.<\/p>\n<p>&nbsp;<\/p>\n","protected":false},"excerpt":{"rendered":"<p>Gafa de sol juvenil y atrevida, el complemento perfecto.<\/p>\n<p>&nbsp;<\/p>\n","protected":false},"featured_media":3088,"template":"","meta":[],"product_brand":[],"product_cat":[122,118,700,202,201,119],"product_tag":[305,158,306,214],"class_list":{"0":"post-3086","1":"product","2":"type-product","3":"status-publish","4":"has-post-thumbnail","6":"product_cat-accesorios-de-moda","7":"product_cat-moda","8":"product_cat-mujer","9":"product_cat-optica","10":"product_cat-optica-vasconcellos","11":"product_cat-regalos","12":"product_tag-gafa-de-sol","13":"product_tag-moda","14":"product_tag-mujer","15":"product_tag-pasta","17":"first","18":"instock","19":"taxable","20":"shipping-taxable","21":"purchasable","22":"product-type-simple"},"_links":{"self":[{"href":"https:\/\/www.afecir.com\/comprar\/wp-json\/wp\/v2\/product\/3086","targetHints":{"allow":["GET"]}}],"collection":[{"href":"https:\/\/www.afecir.com\/comprar\/wp-json\/wp\/v2\/product"}],"about":[{"href":"https:\/\/www.afecir.com\/comprar\/wp-json\/wp\/v2\/types\/product"}],"wp:featuredmedia":[{"embeddable":true,"href":"https:\/\/www.afecir.com\/comprar\/wp-json\/wp\/v2\/media\/3088"}],"wp:attachment":[{"href":"https:\/\/www.afecir.com\/comprar\/wp-json\/wp\/v2\/media?parent=3086"}],"wp:term":[{"taxonomy":"product_brand","embeddable":true,"href":"https:\/\/www.afecir.com\/comprar\/wp-json\/wp\/v2\/product_brand?post=3086"},{"taxonomy":"product_cat","embeddable":true,"href":"https:\/\/www.afecir.com\/comprar\/wp-json\/wp\/v2\/product_cat?post=3086"},{"taxonomy":"product_tag","embeddable":true,"href":"https:\/\/www.afecir.com\/comprar\/wp-json\/wp\/v2\/product_tag?post=3086"}],"curies":[{"name":"wp","href":"https:\/\/api.w.org\/{rel}","templated":true}]}}