{"id":2972,"date":"2020-07-31T14:53:46","date_gmt":"2020-07-31T14:53:46","guid":{"rendered":"https:\/\/www.afecir.com\/comprar\/?post_type=product&#038;p=2972"},"modified":"2020-09-12T21:01:58","modified_gmt":"2020-09-12T21:01:58","slug":"colgante-de-plata-con-filigrana","status":"publish","type":"product","link":"https:\/\/www.afecir.com\/comprar\/producto\/colgante-de-plata-con-filigrana\/","title":{"rendered":"Colgante de plata con FILIGRANA"},"content":{"rendered":"<p>Colgante de plata de ley envejecida de 4 cm de di\u00e1metro.<\/p>\n<p>Decorado con multitud de esferas formando flores muy decorativas t\u00edpicas de la filigrana charra.<\/p>\n<p>La parte trasera est\u00e1 totalmente forrada en plata de primera ley, lo que permite una mayor comodidad a la hora de lucirlo y a su vez tambi\u00e9n pudi\u00e9ndose grabar para personalizar.<\/p>\n<p>El asa en forma triangular est\u00e1 adaptada para poder combinarlo con un cord\u00f3n de cuero o cadena de plata.<\/p>\n<p><em><strong>Joya de filigrana creada por talleres Vasconcellos<\/strong><\/em>.<\/p>\n","protected":false},"excerpt":{"rendered":"<p>&nbsp;<\/p>\n<p>Te damos la exclusividad que buscas con esta joya artesanal creada por talleres Vasconcellos.<\/p>\n<p>Precioso colgante de filigrana en Plata de Primera Ley envejecida de 4 cm de di\u00e1metro.<\/p>\n<p>&nbsp;<\/p>\n<p>&nbsp;<\/p>\n","protected":false},"featured_media":2973,"template":"","meta":[],"product_brand":[],"product_cat":[157,156,152,153],"product_tag":[298,401,400,399],"class_list":{"0":"post-2972","1":"product","2":"type-product","3":"status-publish","4":"has-post-thumbnail","6":"product_cat-artesania","7":"product_cat-joyas","8":"product_cat-joyeria-vasconcellos","9":"product_cat-joyeria-relojeria","10":"product_tag-artesanal","11":"product_tag-colgantes","12":"product_tag-plata-de-primera-ley","13":"product_tag-plata-envejecida","15":"first","16":"instock","17":"sold-individually","18":"taxable","19":"shipping-taxable","20":"purchasable","21":"product-type-simple"},"_links":{"self":[{"href":"https:\/\/www.afecir.com\/comprar\/wp-json\/wp\/v2\/product\/2972","targetHints":{"allow":["GET"]}}],"collection":[{"href":"https:\/\/www.afecir.com\/comprar\/wp-json\/wp\/v2\/product"}],"about":[{"href":"https:\/\/www.afecir.com\/comprar\/wp-json\/wp\/v2\/types\/product"}],"wp:featuredmedia":[{"embeddable":true,"href":"https:\/\/www.afecir.com\/comprar\/wp-json\/wp\/v2\/media\/2973"}],"wp:attachment":[{"href":"https:\/\/www.afecir.com\/comprar\/wp-json\/wp\/v2\/media?parent=2972"}],"wp:term":[{"taxonomy":"product_brand","embeddable":true,"href":"https:\/\/www.afecir.com\/comprar\/wp-json\/wp\/v2\/product_brand?post=2972"},{"taxonomy":"product_cat","embeddable":true,"href":"https:\/\/www.afecir.com\/comprar\/wp-json\/wp\/v2\/product_cat?post=2972"},{"taxonomy":"product_tag","embeddable":true,"href":"https:\/\/www.afecir.com\/comprar\/wp-json\/wp\/v2\/product_tag?post=2972"}],"curies":[{"name":"wp","href":"https:\/\/api.w.org\/{rel}","templated":true}]}}