{"id":2890,"date":"2020-07-02T17:24:00","date_gmt":"2020-07-02T17:24:00","guid":{"rendered":"https:\/\/www.afecir.com\/comprar\/?post_type=product&#038;p=2890"},"modified":"2020-10-15T09:31:32","modified_gmt":"2020-10-15T09:31:32","slug":"gafa-de-sol-gigi-studios-6461","status":"publish","type":"product","link":"https:\/\/www.afecir.com\/comprar\/producto\/gafa-de-sol-gigi-studios-6461\/","title":{"rendered":"Gafa de Sol GIGI STUDIOS 6461"},"content":{"rendered":"<p>Gafa de sol met\u00e1lica para mujer. Armadura en color dorado apagado.<\/p>\n<p>Estilo vintage, con unas lentes bicolor que producen un tono en el rostro de <em>maquillaje <\/em>y aporta un estilo elegante.<\/p>\n<p>Lentes en materia CR39 con tratamiento antirreflejante en cara interna. Las lentes est\u00e1n clasificadas en categor\u00eda 2, en color degradado bitono (gris-rosa) que le le proporcionan un alto confort visual.<\/p>\n<p>&nbsp;<\/p>\n<p>&nbsp;<\/p>\n","protected":false},"excerpt":{"rendered":"<p>Un complemente \u00fanico y con car\u00e1cter que te encantar\u00e1 lucir con tus mejores looks.<\/p>\n","protected":false},"featured_media":2883,"template":"","meta":[],"product_brand":[],"product_cat":[122,118,700,202,201,119],"product_tag":[311,305,306,312],"class_list":{"0":"post-2890","1":"product","2":"type-product","3":"status-publish","4":"has-post-thumbnail","6":"product_cat-accesorios-de-moda","7":"product_cat-moda","8":"product_cat-mujer","9":"product_cat-optica","10":"product_cat-optica-vasconcellos","11":"product_cat-regalos","12":"product_tag-dorado","13":"product_tag-gafa-de-sol","14":"product_tag-mujer","15":"product_tag-retro","17":"first","18":"instock","19":"sold-individually","20":"taxable","21":"shipping-taxable","22":"purchasable","23":"product-type-simple"},"_links":{"self":[{"href":"https:\/\/www.afecir.com\/comprar\/wp-json\/wp\/v2\/product\/2890","targetHints":{"allow":["GET"]}}],"collection":[{"href":"https:\/\/www.afecir.com\/comprar\/wp-json\/wp\/v2\/product"}],"about":[{"href":"https:\/\/www.afecir.com\/comprar\/wp-json\/wp\/v2\/types\/product"}],"wp:featuredmedia":[{"embeddable":true,"href":"https:\/\/www.afecir.com\/comprar\/wp-json\/wp\/v2\/media\/2883"}],"wp:attachment":[{"href":"https:\/\/www.afecir.com\/comprar\/wp-json\/wp\/v2\/media?parent=2890"}],"wp:term":[{"taxonomy":"product_brand","embeddable":true,"href":"https:\/\/www.afecir.com\/comprar\/wp-json\/wp\/v2\/product_brand?post=2890"},{"taxonomy":"product_cat","embeddable":true,"href":"https:\/\/www.afecir.com\/comprar\/wp-json\/wp\/v2\/product_cat?post=2890"},{"taxonomy":"product_tag","embeddable":true,"href":"https:\/\/www.afecir.com\/comprar\/wp-json\/wp\/v2\/product_tag?post=2890"}],"curies":[{"name":"wp","href":"https:\/\/api.w.org\/{rel}","templated":true}]}}