{"id":2874,"date":"2020-06-29T19:04:08","date_gmt":"2020-06-29T19:04:08","guid":{"rendered":"https:\/\/www.afecir.com\/comprar\/?post_type=product&#038;p=2874"},"modified":"2020-10-15T09:29:35","modified_gmt":"2020-10-15T09:29:35","slug":"gafa-de-sol-gigi-studios-6482","status":"publish","type":"product","link":"https:\/\/www.afecir.com\/comprar\/producto\/gafa-de-sol-gigi-studios-6482\/","title":{"rendered":"Gafa de sol GIGI STUDIOS 6482"},"content":{"rendered":"<p>Gafa de sol fabricada en pasta bicolor.<\/p>\n<p>Lentes en tono verde degradado. Material de la lente CR 39 categor\u00eda 3 , con tratamiento antirreflejante en cara interna. Alto confort visual. Protecci\u00f3n U.V.<\/p>\n<p>Gafa realizada a mano (Handmade) en acetato bicolor .El color de la armadura est\u00e1 compuesto por una parte negra y otra carey-caramelo, dando un toque de distinci\u00f3n y exclusividad\u00a0 a la gafa.<\/p>\n<p>Las varillas en color carey-caramelo est\u00e1n reforzadas con un alma met\u00e1lica decorada que le aporta elegancia. Y junto con sus bisagras de perno doble proporciona gran resistencia y robustez a la gafa.<\/p>\n<p>Incluye dos fundas; una semi-r\u00edgida y una tipo saco. Tambi\u00e9n se entrega con bayeta limpia-gafas.<\/p>\n<p>Todo el conjunto (gafa, fundas, bayeta) se entrega en una caja de cart\u00f3n r\u00edgido, con su correspondiente tarjeta de garant\u00eda-autenticidad del producto<\/p>\n<p>&nbsp;<\/p>\n<p>&nbsp;<\/p>\n","protected":false},"excerpt":{"rendered":"<p>Gafa de Sol Femenina GIGI STUDIOS 6482<\/p>\n","protected":false},"featured_media":3059,"template":"","meta":[],"product_brand":[],"product_cat":[122,118,700,202,201,119],"product_tag":[662,305,660,661],"class_list":{"0":"post-2874","1":"product","2":"type-product","3":"status-publish","4":"has-post-thumbnail","6":"product_cat-accesorios-de-moda","7":"product_cat-moda","8":"product_cat-mujer","9":"product_cat-optica","10":"product_cat-optica-vasconcellos","11":"product_cat-regalos","12":"product_tag-complementos-de-verano","13":"product_tag-gafa-de-sol","14":"product_tag-gafa-femenina","15":"product_tag-gigi-studios","17":"first","18":"instock","19":"sold-individually","20":"taxable","21":"shipping-taxable","22":"purchasable","23":"product-type-simple"},"_links":{"self":[{"href":"https:\/\/www.afecir.com\/comprar\/wp-json\/wp\/v2\/product\/2874","targetHints":{"allow":["GET"]}}],"collection":[{"href":"https:\/\/www.afecir.com\/comprar\/wp-json\/wp\/v2\/product"}],"about":[{"href":"https:\/\/www.afecir.com\/comprar\/wp-json\/wp\/v2\/types\/product"}],"wp:featuredmedia":[{"embeddable":true,"href":"https:\/\/www.afecir.com\/comprar\/wp-json\/wp\/v2\/media\/3059"}],"wp:attachment":[{"href":"https:\/\/www.afecir.com\/comprar\/wp-json\/wp\/v2\/media?parent=2874"}],"wp:term":[{"taxonomy":"product_brand","embeddable":true,"href":"https:\/\/www.afecir.com\/comprar\/wp-json\/wp\/v2\/product_brand?post=2874"},{"taxonomy":"product_cat","embeddable":true,"href":"https:\/\/www.afecir.com\/comprar\/wp-json\/wp\/v2\/product_cat?post=2874"},{"taxonomy":"product_tag","embeddable":true,"href":"https:\/\/www.afecir.com\/comprar\/wp-json\/wp\/v2\/product_tag?post=2874"}],"curies":[{"name":"wp","href":"https:\/\/api.w.org\/{rel}","templated":true}]}}