{"id":2859,"date":"2020-07-31T15:01:11","date_gmt":"2020-07-31T15:01:11","guid":{"rendered":"https:\/\/www.afecir.com\/comprar\/?post_type=product&#038;p=2859"},"modified":"2020-10-19T21:32:14","modified_gmt":"2020-10-19T21:32:14","slug":"anillo-de-filigrana","status":"publish","type":"product","link":"https:\/\/www.afecir.com\/comprar\/producto\/anillo-de-filigrana\/","title":{"rendered":"Anillo de FILIGRANA"},"content":{"rendered":"<p>Anillo con bolas de filigrana en plata de ley envejecida adaptable a cualquier medida.<\/p>\n<p>Compuesto por un aro es de plata maciza que da pie a dos bolas de filigrana con aire charro.<\/p>\n<p>Este anillo es totalmente artesanal y <em><strong>exclusivo de talleres Vasconcellos<\/strong><\/em>.<\/p>\n<p>&nbsp;<\/p>\n","protected":false},"excerpt":{"rendered":"<blockquote>\n<p style=\"text-align: left\">Haz que todos se fijen en ti.<\/p>\n<\/blockquote>\n<p>Con \u00e9ste anillo de plata de ley envejecida formado por dos bolas de filigrana charra descubrir\u00e1s nuestro trabajo artesano y te sentir\u00e1s \u00fanica.<\/p>\n<p>&nbsp;<\/p>\n","protected":false},"featured_media":4451,"template":"","meta":[],"product_brand":[],"product_cat":[157,156,152,153],"product_tag":[298,297,295,299],"class_list":{"0":"post-2859","1":"product","2":"type-product","3":"status-publish","4":"has-post-thumbnail","6":"product_cat-artesania","7":"product_cat-joyas","8":"product_cat-joyeria-vasconcellos","9":"product_cat-joyeria-relojeria","10":"product_tag-artesanal","11":"product_tag-filigrana","12":"product_tag-plata-de-ley","13":"product_tag-sortija","15":"first","16":"instock","17":"sold-individually","18":"taxable","19":"shipping-taxable","20":"purchasable","21":"product-type-simple"},"_links":{"self":[{"href":"https:\/\/www.afecir.com\/comprar\/wp-json\/wp\/v2\/product\/2859","targetHints":{"allow":["GET"]}}],"collection":[{"href":"https:\/\/www.afecir.com\/comprar\/wp-json\/wp\/v2\/product"}],"about":[{"href":"https:\/\/www.afecir.com\/comprar\/wp-json\/wp\/v2\/types\/product"}],"wp:featuredmedia":[{"embeddable":true,"href":"https:\/\/www.afecir.com\/comprar\/wp-json\/wp\/v2\/media\/4451"}],"wp:attachment":[{"href":"https:\/\/www.afecir.com\/comprar\/wp-json\/wp\/v2\/media?parent=2859"}],"wp:term":[{"taxonomy":"product_brand","embeddable":true,"href":"https:\/\/www.afecir.com\/comprar\/wp-json\/wp\/v2\/product_brand?post=2859"},{"taxonomy":"product_cat","embeddable":true,"href":"https:\/\/www.afecir.com\/comprar\/wp-json\/wp\/v2\/product_cat?post=2859"},{"taxonomy":"product_tag","embeddable":true,"href":"https:\/\/www.afecir.com\/comprar\/wp-json\/wp\/v2\/product_tag?post=2859"}],"curies":[{"name":"wp","href":"https:\/\/api.w.org\/{rel}","templated":true}]}}