{"id":2851,"date":"2020-07-31T09:34:09","date_gmt":"2020-07-31T09:34:09","guid":{"rendered":"https:\/\/www.afecir.com\/comprar\/?post_type=product&#038;p=2851"},"modified":"2020-07-31T09:34:10","modified_gmt":"2020-07-31T09:34:10","slug":"tarjetas-de-visita-con-diseno-incluido","status":"publish","type":"product","link":"https:\/\/www.afecir.com\/comprar\/producto\/tarjetas-de-visita-con-diseno-incluido\/","title":{"rendered":"Tarjetas de visita con dise\u00f1o incluido"},"content":{"rendered":"<p>Tarjetas de visita con tama\u00f1o est\u00e1ndar 85 x 55 mm.<\/p>\n<p>Impresas en color (1 cara) sobre cartulina blanca mate 315 gr (sin plastificar)<\/p>\n<p>Pack 200 uds.<\/p>\n<p>&nbsp;<\/p>\n<p><strong>\u00bfC\u00f3mo encargar tus tarjetas?<\/strong><\/p>\n<p>Puedes comprar el pack a trav\u00e9s de esta p\u00e1gina y luego ponerte en contacto con nosotros para poder atenderte en persona durante todo el proceso.<\/p>\n<p>Este pack incluye un dise\u00f1o sencillo para las tarjetas: realizaremos varios bocetos ofreci\u00e9ndote distintas opciones de colores, tipograf\u00edas, etc. Una vez confirmado el dise\u00f1o final, procederemos a realizar la impresi\u00f3n. (No incluye dise\u00f1o de logotipos).<\/p>\n<p>&nbsp;<\/p>\n<p><strong>Plazos de entrega:<\/strong><\/p>\n<p>Al ser un producto personalizado, el plazo de entrega se confirmar\u00e1 una vez realizado y comprobado el archivo enviado para imprimir.<\/p>\n<p>&nbsp;<\/p>\n<p><strong>Devoluciones:<\/strong><\/p>\n<p>Todos nuestros productos se fabrican bajo demanda y de forma personalizada. Para iniciar el proceso de fabricaci\u00f3n o impresi\u00f3n es necesario el visto bueno del cliente. Solo se admiten devoluciones en caso de que el producto est\u00e9 defectuoso.<\/p>\n","protected":false},"excerpt":{"rendered":"<p>Tarjetas de visita 85 x 55 mm impresas en color (1 cara) sobre cartulina blanca mate 315 gr. Pack 200 uds.<\/p>\n","protected":false},"featured_media":2852,"template":"","meta":[],"product_brand":[],"product_cat":[125,126,127,44,49],"product_tag":[269,184,267,268],"class_list":{"0":"post-2851","1":"product","2":"type-product","3":"status-publish","4":"has-post-thumbnail","6":"product_cat-artes-graficas","7":"product_cat-imprenta","8":"product_cat-imprenta-lletra","9":"product_cat-papeleria-libreria","10":"product_cat-publicidad","11":"product_tag-diseno","12":"product_tag-impresion","13":"product_tag-tarjetas","14":"product_tag-tarjetas-de-visita","16":"first","17":"instock","18":"taxable","19":"shipping-taxable","20":"purchasable","21":"product-type-simple"},"_links":{"self":[{"href":"https:\/\/www.afecir.com\/comprar\/wp-json\/wp\/v2\/product\/2851","targetHints":{"allow":["GET"]}}],"collection":[{"href":"https:\/\/www.afecir.com\/comprar\/wp-json\/wp\/v2\/product"}],"about":[{"href":"https:\/\/www.afecir.com\/comprar\/wp-json\/wp\/v2\/types\/product"}],"wp:featuredmedia":[{"embeddable":true,"href":"https:\/\/www.afecir.com\/comprar\/wp-json\/wp\/v2\/media\/2852"}],"wp:attachment":[{"href":"https:\/\/www.afecir.com\/comprar\/wp-json\/wp\/v2\/media?parent=2851"}],"wp:term":[{"taxonomy":"product_brand","embeddable":true,"href":"https:\/\/www.afecir.com\/comprar\/wp-json\/wp\/v2\/product_brand?post=2851"},{"taxonomy":"product_cat","embeddable":true,"href":"https:\/\/www.afecir.com\/comprar\/wp-json\/wp\/v2\/product_cat?post=2851"},{"taxonomy":"product_tag","embeddable":true,"href":"https:\/\/www.afecir.com\/comprar\/wp-json\/wp\/v2\/product_tag?post=2851"}],"curies":[{"name":"wp","href":"https:\/\/api.w.org\/{rel}","templated":true}]}}