{"id":2722,"date":"2020-06-30T07:28:00","date_gmt":"2020-06-30T07:28:00","guid":{"rendered":"https:\/\/www.afecir.com\/comprar\/?post_type=product&#038;p=2722"},"modified":"2020-08-12T08:12:50","modified_gmt":"2020-08-12T08:12:50","slug":"elisabeth-llorca-ampolllas-anticaida-regalo-champu","status":"publish","type":"product","link":"https:\/\/www.afecir.com\/comprar\/producto\/elisabeth-llorca-ampolllas-anticaida-regalo-champu\/","title":{"rendered":"ELISABETH LLORCA ampolllas anticaida + regalo champ\u00fa"},"content":{"rendered":"<p>&nbsp;<\/p>\n<p>Producto capilar de Elisabeth Llorca que estimula la respiraci\u00f3n de las c\u00e9lulas epiteliales del cuero cabelludo. Favorece el proceso de oxidaci\u00f3n metab\u00f3lica de dichas c\u00e9lulas, combatiendo la ca\u00edda del cabello.<\/p>\n<p>Champ\u00fa optimo como tratamiento para la ca\u00edda del cabello y para fortalecer los cabellos fr\u00e1giles y quebradizos. Nutre en profundidad el cuero cabelludo, estimulando el crecimiento. Su contenido en placenta vegetal combate la ca\u00edda, caspa, grasa y seborrea del cabello. De uso frecuente. Es un complemento perfecto para las ampollas antica\u00edda.<\/p>\n","protected":false},"excerpt":{"rendered":"<p>Elisabeth Llorca cosmetics ampollas anticaida + champ\u00fa placenta PH 5.5<\/p>\n","protected":false},"featured_media":3050,"template":"","meta":[],"product_brand":[],"product_cat":[443,191,190],"product_tag":[275,272,274,276,273,277],"class_list":{"0":"post-2722","1":"product","2":"type-product","3":"status-publish","4":"has-post-thumbnail","6":"product_cat-belleza-salud","7":"product_cat-drogueria","8":"product_cat-perfumeria-la-glorieta","9":"product_tag-anticaida","10":"product_tag-capilar","11":"product_tag-champu","12":"product_tag-lavado","13":"product_tag-pelo","14":"product_tag-tratamiento","16":"first","17":"instock","18":"taxable","19":"shipping-taxable","20":"purchasable","21":"product-type-simple"},"_links":{"self":[{"href":"https:\/\/www.afecir.com\/comprar\/wp-json\/wp\/v2\/product\/2722","targetHints":{"allow":["GET"]}}],"collection":[{"href":"https:\/\/www.afecir.com\/comprar\/wp-json\/wp\/v2\/product"}],"about":[{"href":"https:\/\/www.afecir.com\/comprar\/wp-json\/wp\/v2\/types\/product"}],"wp:featuredmedia":[{"embeddable":true,"href":"https:\/\/www.afecir.com\/comprar\/wp-json\/wp\/v2\/media\/3050"}],"wp:attachment":[{"href":"https:\/\/www.afecir.com\/comprar\/wp-json\/wp\/v2\/media?parent=2722"}],"wp:term":[{"taxonomy":"product_brand","embeddable":true,"href":"https:\/\/www.afecir.com\/comprar\/wp-json\/wp\/v2\/product_brand?post=2722"},{"taxonomy":"product_cat","embeddable":true,"href":"https:\/\/www.afecir.com\/comprar\/wp-json\/wp\/v2\/product_cat?post=2722"},{"taxonomy":"product_tag","embeddable":true,"href":"https:\/\/www.afecir.com\/comprar\/wp-json\/wp\/v2\/product_tag?post=2722"}],"curies":[{"name":"wp","href":"https:\/\/api.w.org\/{rel}","templated":true}]}}