{"id":2716,"date":"2020-06-30T07:26:23","date_gmt":"2020-06-30T07:26:23","guid":{"rendered":"https:\/\/www.afecir.com\/comprar\/?post_type=product&#038;p=2716"},"modified":"2020-07-01T16:16:26","modified_gmt":"2020-07-01T16:16:26","slug":"bella-aurora-doble-fuerza","status":"publish","type":"product","link":"https:\/\/www.afecir.com\/comprar\/producto\/bella-aurora-doble-fuerza\/","title":{"rendered":"BELLA AURORA &#8211; Doble fuerza"},"content":{"rendered":"<p>La<strong>\u00a0<\/strong><strong>crema Bella Aurora Doble Fuerza<\/strong>\u00a0es una\u00a0<strong>crema antimanchas<\/strong>\u00a0que ayuda a que tu piel elimine las manchas producidas por el sol, por agentes externos, por un embarazo o por la edad.<\/p>\n<p>Esta crema de Bella Aurora ha sido usada a lo largo de los a\u00f1os por miles de mujeres con gran \u00e9xito, es la \u00abcrema de toda la vida\u00bb para quitar las manchas.<\/p>\n<p>Se trata de un\u00a0<strong>tratamiento intensivo de las manchas\u00a0<\/strong>que dejar\u00e1 tu rostro radiante y con el tono unificado.\u00a0<strong>Crema Bella Aurora Antimanchas Doble Fuerza<\/strong>\u00a0est\u00e1 recomendada para todo tipo de piel. Es una crema untuosa pero no engrasa.<\/p>\n<p><strong>Consejos de aplicaci\u00f3n<\/strong>: Aplicar ma\u00f1ana y noche, sobre todo el rostro perfectamente limpio, realizando un ligero masaje hasta su completa absorci\u00f3n. Por las ma\u00f1anas es indispensable aplicar encima un protector solar.<\/p>\n<p>Esta crema viene en dos grados de\u00a0<strong>concentraci\u00f3n despigmentante:<\/strong>\u00a0Doble Fuerza y Suave. La\u00a0Crema Bella Aurora Antimanchas Doble Fuerza<strong>\u00a0<\/strong>es la que est\u00e1s viendo y la que permitir\u00e1 atenuar manchas m\u00e1s rebeldes en menor tiempo<\/p>\n<p><strong><u>BENEFICIOS<\/u><\/strong>:<\/p>\n<p>Poder despigmentante medio-alto (nivel 7).<\/p>\n<p>Reduce producci\u00f3n de melanina.<\/p>\n<p>Aten\u00faa manchas cut\u00e1neas y unifica el tono.<\/p>\n<p>Aclara el tono del cutis.<\/p>\n","protected":false},"excerpt":{"rendered":"<p>Bella Aurora &#8211; Doble fuerza &#8211; Crema anti-manchas original, todo tipo de pieles, 30 ml.<\/p>\n","protected":false},"featured_media":2718,"template":"","meta":[],"product_brand":[],"product_cat":[193,190],"product_tag":[283,280,279,278,285,281,282,284],"class_list":{"0":"post-2716","1":"product","2":"type-product","3":"status-publish","4":"has-post-thumbnail","6":"product_cat-cuidado-de-la-piel","7":"product_cat-perfumeria-la-glorieta","8":"product_tag-aclarar","9":"product_tag-antimanchas","10":"product_tag-aurora","11":"product_tag-bella","12":"product_tag-cutis","13":"product_tag-despigmentante","14":"product_tag-manchas","15":"product_tag-tono","17":"first","18":"instock","19":"taxable","20":"shipping-taxable","21":"purchasable","22":"product-type-simple"},"_links":{"self":[{"href":"https:\/\/www.afecir.com\/comprar\/wp-json\/wp\/v2\/product\/2716","targetHints":{"allow":["GET"]}}],"collection":[{"href":"https:\/\/www.afecir.com\/comprar\/wp-json\/wp\/v2\/product"}],"about":[{"href":"https:\/\/www.afecir.com\/comprar\/wp-json\/wp\/v2\/types\/product"}],"wp:featuredmedia":[{"embeddable":true,"href":"https:\/\/www.afecir.com\/comprar\/wp-json\/wp\/v2\/media\/2718"}],"wp:attachment":[{"href":"https:\/\/www.afecir.com\/comprar\/wp-json\/wp\/v2\/media?parent=2716"}],"wp:term":[{"taxonomy":"product_brand","embeddable":true,"href":"https:\/\/www.afecir.com\/comprar\/wp-json\/wp\/v2\/product_brand?post=2716"},{"taxonomy":"product_cat","embeddable":true,"href":"https:\/\/www.afecir.com\/comprar\/wp-json\/wp\/v2\/product_cat?post=2716"},{"taxonomy":"product_tag","embeddable":true,"href":"https:\/\/www.afecir.com\/comprar\/wp-json\/wp\/v2\/product_tag?post=2716"}],"curies":[{"name":"wp","href":"https:\/\/api.w.org\/{rel}","templated":true}]}}