{"id":2713,"date":"2020-06-30T07:17:41","date_gmt":"2020-06-30T07:17:41","guid":{"rendered":"https:\/\/www.afecir.com\/comprar\/?post_type=product&#038;p=2713"},"modified":"2020-07-01T16:06:18","modified_gmt":"2020-07-01T16:06:18","slug":"olay-total-effects-7-in-one","status":"publish","type":"product","link":"https:\/\/www.afecir.com\/comprar\/producto\/olay-total-effects-7-in-one\/","title":{"rendered":"OLAY TOTAL EFFECTS 7 IN ONE"},"content":{"rendered":"<p>La crema de d\u00eda Olay Total Effects 7en1 con SPF 15 es una hidratante anti-edad que combate los 7 signos de la edad para proporcionar una piel radiante y fabulosa. Esta es la forma sencilla e inteligente de Olay para afrontar el paso del tiempo, consiguiendo una piel con aspecto m\u00e1s joven y saludable. Aporta 7 beneficios para la piel en un solo producto: 1. Reduce visiblemente la apariencia de las arrugas 2. Hidrata 3. Unifica el tono de la piel 4. Minimiza el aspecto de los poros 5. Alisa la textura de la piel 6. Da luminosidad 7. Contribuye a restaurar la firmeza de la piel. La crema Olay Total Effects, con niacinamida y antioxidantes, exfolia la piel para favorecer la renovaci\u00f3n natural de su superficie y proporciona un aspecto m\u00e1s sano. Su f\u00f3rmula no grasa de r\u00e1pida absorci\u00f3n no obstruye los poros.<\/p>\n<p><strong>Caracter\u00edsticas:<\/strong><\/p>\n<p>-Combate los 7 signos de la edad para proporcionar una piel radiante y fabulosa.<\/p>\n<p>-7 beneficios en uno que ayudan a mantener la piel joven y radiante.<\/p>\n<p>-Con niacinamida y antioxidantes.<\/p>\n<p>-Exfolia la piel para favorecer la renovaci\u00f3n natural de su superficie y proporciona un aspecto m\u00e1s sano.<\/p>\n<p>-El amplio espectro del SPF 15 ofrece protecci\u00f3n contra los rayos UVA\/UVB con una f\u00f3rmula no grasa.<\/p>\n<p>-No obstruye los poros.<\/p>\n<p>-F\u00f3rmula de r\u00e1pida absorci\u00f3n.<\/p>\n<p>Aplicar de manera uniforme sobre la piel del rostro y cuello a diario. Para obtener mejores resultados, aplica la crema hidratante de d\u00eda Total Effects con SPF 15 por la ma\u00f1ana.<\/p>\n<p>&nbsp;<\/p>\n","protected":false},"excerpt":{"rendered":"<p class=\"content\" style=\"background: #FAFAFA;margin: 0cm 0cm 6.0pt 0cm\"><span style=\"font-size: 11.0pt;font-family: Arial;color: #3e3e3e\">Total Effects 7en1 Hidratante Anti-Edad D\u00eda SPF 15 50 ml + Total Effects D\u00eda 15ml + Total Effects Noche 15ml.<\/span><\/p>\n<p class=\"content\" style=\"background: #FAFAFA;margin: 0cm 0cm 6.0pt 0cm\"><span style=\"font-size: 11.0pt;font-family: Arial;color: #3e3e3e\">Combate los 7 signos de la edad.<\/span><\/p>\n","protected":false},"featured_media":2715,"template":"","meta":[],"product_brand":[],"product_cat":[193,190],"product_tag":[286,289,197,290,288,287,291],"class_list":{"0":"post-2713","1":"product","2":"type-product","3":"status-publish","4":"has-post-thumbnail","6":"product_cat-cuidado-de-la-piel","7":"product_cat-perfumeria-la-glorieta","8":"product_tag-antiarrugas","9":"product_tag-antiedad","10":"product_tag-facial","11":"product_tag-firmeza","12":"product_tag-hidratante","13":"product_tag-piel","14":"product_tag-uva-uvb","16":"first","17":"instock","18":"taxable","19":"shipping-taxable","20":"purchasable","21":"product-type-simple"},"_links":{"self":[{"href":"https:\/\/www.afecir.com\/comprar\/wp-json\/wp\/v2\/product\/2713","targetHints":{"allow":["GET"]}}],"collection":[{"href":"https:\/\/www.afecir.com\/comprar\/wp-json\/wp\/v2\/product"}],"about":[{"href":"https:\/\/www.afecir.com\/comprar\/wp-json\/wp\/v2\/types\/product"}],"wp:featuredmedia":[{"embeddable":true,"href":"https:\/\/www.afecir.com\/comprar\/wp-json\/wp\/v2\/media\/2715"}],"wp:attachment":[{"href":"https:\/\/www.afecir.com\/comprar\/wp-json\/wp\/v2\/media?parent=2713"}],"wp:term":[{"taxonomy":"product_brand","embeddable":true,"href":"https:\/\/www.afecir.com\/comprar\/wp-json\/wp\/v2\/product_brand?post=2713"},{"taxonomy":"product_cat","embeddable":true,"href":"https:\/\/www.afecir.com\/comprar\/wp-json\/wp\/v2\/product_cat?post=2713"},{"taxonomy":"product_tag","embeddable":true,"href":"https:\/\/www.afecir.com\/comprar\/wp-json\/wp\/v2\/product_tag?post=2713"}],"curies":[{"name":"wp","href":"https:\/\/api.w.org\/{rel}","templated":true}]}}