{"id":2680,"date":"2020-09-05T08:58:07","date_gmt":"2020-09-05T08:58:07","guid":{"rendered":"https:\/\/www.afecir.com\/comprar\/?post_type=product&#038;p=2680"},"modified":"2020-09-22T10:48:02","modified_gmt":"2020-09-22T10:48:02","slug":"juego-tazas-posavasos-ciudad-rodrigo","status":"publish","type":"product","link":"https:\/\/www.afecir.com\/comprar\/producto\/juego-tazas-posavasos-ciudad-rodrigo\/","title":{"rendered":"JUEGO TAZAS + POSAVASOS CIUDAD RODRIGO"},"content":{"rendered":"<p>&nbsp;<\/p>\n<p>Invita a tus amigos a merendar con este fant\u00e1stico juego de 6 tazas + 6 posavasos con fotograf\u00edas vintage de uno de los Pueblos m\u00e1s Bonitos de Espa\u00f1a, Ciudad Rodrigo. T\u00f3mate tu caf\u00e9 en esta fant\u00e1stica <em>mug<\/em> mientras ves las 3 Columnas, el Ayuntamiento, el Puente y el Castillo. Un regalo fant\u00e1stico que a tus amigos les encantar\u00e1.<\/p>\n<p>&nbsp;<\/p>\n","protected":false},"excerpt":{"rendered":"<p>&nbsp; Invita a tus amigos a merendar con este fant\u00e1stico juego de 6 tazas + 6 posavasos con fotograf\u00edas vintage de uno de los Pueblos m\u00e1s Bonitos de Espa\u00f1a, Ciudad Rodrigo. T\u00f3mate tu caf\u00e9 en esta fant\u00e1stica mug mientras ves las 3 Columnas, el Ayuntamiento, el Puente y el Castillo. Un regalo fant\u00e1stico que a [&hellip;]<\/p>\n","protected":false},"featured_media":2693,"template":"","meta":[],"product_brand":[],"product_cat":[149,151,119,155],"product_tag":[],"class_list":{"0":"post-2680","1":"product","2":"type-product","3":"status-publish","4":"has-post-thumbnail","6":"product_cat-bazar-satur","7":"product_cat-menaje","8":"product_cat-regalos","9":"product_cat-souvenir","11":"first","12":"instock","13":"taxable","14":"shipping-taxable","15":"purchasable","16":"product-type-simple"},"_links":{"self":[{"href":"https:\/\/www.afecir.com\/comprar\/wp-json\/wp\/v2\/product\/2680","targetHints":{"allow":["GET"]}}],"collection":[{"href":"https:\/\/www.afecir.com\/comprar\/wp-json\/wp\/v2\/product"}],"about":[{"href":"https:\/\/www.afecir.com\/comprar\/wp-json\/wp\/v2\/types\/product"}],"wp:featuredmedia":[{"embeddable":true,"href":"https:\/\/www.afecir.com\/comprar\/wp-json\/wp\/v2\/media\/2693"}],"wp:attachment":[{"href":"https:\/\/www.afecir.com\/comprar\/wp-json\/wp\/v2\/media?parent=2680"}],"wp:term":[{"taxonomy":"product_brand","embeddable":true,"href":"https:\/\/www.afecir.com\/comprar\/wp-json\/wp\/v2\/product_brand?post=2680"},{"taxonomy":"product_cat","embeddable":true,"href":"https:\/\/www.afecir.com\/comprar\/wp-json\/wp\/v2\/product_cat?post=2680"},{"taxonomy":"product_tag","embeddable":true,"href":"https:\/\/www.afecir.com\/comprar\/wp-json\/wp\/v2\/product_tag?post=2680"}],"curies":[{"name":"wp","href":"https:\/\/api.w.org\/{rel}","templated":true}]}}