{"id":2676,"date":"2020-06-30T07:17:20","date_gmt":"2020-06-30T07:17:20","guid":{"rendered":"https:\/\/www.afecir.com\/comprar\/?post_type=product&#038;p=2676"},"modified":"2020-07-02T07:22:23","modified_gmt":"2020-07-02T07:22:23","slug":"nivea-pack-celular-antiarrugas","status":"publish","type":"product","link":"https:\/\/www.afecir.com\/comprar\/producto\/nivea-pack-celular-antiarrugas\/","title":{"rendered":"NIVEA pack celular antiarrugas"},"content":{"rendered":"<p><strong>Nivea Cellular S\u00e9rum Perlas 40ml + Crema D\u00eda Spf 15 50ml Set Regalo.<\/strong><\/p>\n<p><strong>Nivea Cellular S\u00e9rum Perlas 40ml:<\/strong>\u00a0s\u00e9rum intensivo renovador antiedad de textura ligera. Su f\u00f3rmula con\u00a0\u00a0\u00c1cido Hialur\u00f3nico aporta firmeza a tu rostro rellenando las arrugas y mejorando su firmeza. Aplicar a diario sobre el rostro, cuello y escote.<\/p>\n<p><strong>Nivea Cellular Crema D\u00eda Spf 15 50ml<\/strong>: crema de d\u00eda con protecci\u00f3n 15 formulada con\u00a0\u00c1cido Hialur\u00f3nico que rellena las arrugas, rejuvenece la piel y previene la aparici\u00f3n de manchas. Tu rostro estar\u00e1 m\u00e1s firme y joven y su contorno estar\u00e1 m\u00e1s definido<\/p>\n","protected":false},"excerpt":{"rendered":"<p><strong>Nivea Cellular S\u00e9rum Perlas 40ml + Crema D\u00eda Spf 15 50ml Set Regalo.<\/strong><\/p>\n<p style=\"margin-top: 0cm;line-height: 19.0pt;background: white\">Nivea ofrece un set de rutina facial de d\u00eda en el que incluye:<\/p>\n<p style=\"margin-top: 0cm;line-height: 19.0pt;background: white\">&#8211; Nivea\u00a0 SERUM PEARLS (40ml), mejora el volumen de la piel y redefiniendo su contorno adem\u00e1s de reducir las arrugas y las l\u00edneas de expresi\u00f3n del rostro.<\/p>\n<p style=\"margin-top: 0cm;line-height: 19.0pt;background: white\">&#8211; Nivea CUIDADO DE D\u00cdA FP15 (50ml) mejora el volumen de la piel y redefine el contorno del rostro, contiene protecci\u00f3n UVA y UVB y FP15.<\/p>\n","protected":false},"featured_media":2677,"template":"","meta":[],"product_brand":[],"product_cat":[193,190],"product_tag":[315,289,280,318,316,238,319,317,313,314],"class_list":{"0":"post-2676","1":"product","2":"type-product","3":"status-publish","4":"has-post-thumbnail","6":"product_cat-cuidado-de-la-piel","7":"product_cat-perfumeria-la-glorieta","8":"product_tag-acido","9":"product_tag-antiedad","10":"product_tag-antimanchas","11":"product_tag-arrugas","12":"product_tag-hialuronico","13":"product_tag-nivea","14":"product_tag-rejuvencece","15":"product_tag-rellena","16":"product_tag-serum","17":"product_tag-spf","19":"first","20":"instock","21":"taxable","22":"shipping-taxable","23":"purchasable","24":"product-type-simple"},"_links":{"self":[{"href":"https:\/\/www.afecir.com\/comprar\/wp-json\/wp\/v2\/product\/2676","targetHints":{"allow":["GET"]}}],"collection":[{"href":"https:\/\/www.afecir.com\/comprar\/wp-json\/wp\/v2\/product"}],"about":[{"href":"https:\/\/www.afecir.com\/comprar\/wp-json\/wp\/v2\/types\/product"}],"wp:featuredmedia":[{"embeddable":true,"href":"https:\/\/www.afecir.com\/comprar\/wp-json\/wp\/v2\/media\/2677"}],"wp:attachment":[{"href":"https:\/\/www.afecir.com\/comprar\/wp-json\/wp\/v2\/media?parent=2676"}],"wp:term":[{"taxonomy":"product_brand","embeddable":true,"href":"https:\/\/www.afecir.com\/comprar\/wp-json\/wp\/v2\/product_brand?post=2676"},{"taxonomy":"product_cat","embeddable":true,"href":"https:\/\/www.afecir.com\/comprar\/wp-json\/wp\/v2\/product_cat?post=2676"},{"taxonomy":"product_tag","embeddable":true,"href":"https:\/\/www.afecir.com\/comprar\/wp-json\/wp\/v2\/product_tag?post=2676"}],"curies":[{"name":"wp","href":"https:\/\/api.w.org\/{rel}","templated":true}]}}