{"id":2666,"date":"2020-07-31T09:34:48","date_gmt":"2020-07-31T09:34:48","guid":{"rendered":"https:\/\/www.afecir.com\/comprar\/?post_type=product&#038;p=2666"},"modified":"2020-07-31T09:34:48","modified_gmt":"2020-07-31T09:34:48","slug":"tarjetas-de-visita-con-tu-propio-diseno","status":"publish","type":"product","link":"https:\/\/www.afecir.com\/comprar\/producto\/tarjetas-de-visita-con-tu-propio-diseno\/","title":{"rendered":"Tarjetas de visita con tu propio dise\u00f1o"},"content":{"rendered":"<p>Tarjetas de visita con tama\u00f1o est\u00e1ndar 85 x 55 mm.<\/p>\n<p>Impresas en color (1 cara) sobre cartulina blanca mate 315 gr (sin plastificar)<\/p>\n<p>Pack 200 uds.<\/p>\n<p><strong>\u00bfYa tienes el dise\u00f1o para tus tarjetas?<\/strong><\/p>\n<p>Recuerda aplicar a todo el per\u00edmetro 2 mm sangrado. Las informaciones importantes deben tener al menos 5 mm de separaci\u00f3n respecto del borde del formato final.<\/p>\n<p>Las fuentes deben estar incrustadas o convertidas en curvas.<\/p>\n<p>Archivos JPG, PDF, Ai con resoluci\u00f3n m\u00edn. 300 dpi en el tama\u00f1o original de la imagen.<\/p>\n<p><strong>\u00bfC\u00f3mo encargar tus tarjetas?<\/strong><\/p>\n<p>Puedes comprar el pack a trav\u00e9s de esta p\u00e1gina y luego enviarnos el archivo para imprimir a trav\u00e9s del e-mail: <a href=\"mailto:lletra@lletra.es\">lletra@lletra.es <\/a>indicando tu nombre, tel\u00e9fono y n\u00famero de pedido. Una vez impresas, recibir\u00e1s tus tarjetas en la direcci\u00f3n que nos indiques.<\/p>\n<p>O tambi\u00e9n, puedes ponerte en contacto con nosotros y te atenderemos en persona durante todo el proceso desde el principio hasta la recogida del pedido en nuestras instalaciones.<\/p>\n<p><strong>Plazos de entrega:<\/strong><\/p>\n<p>Al ser un producto personalizado, el plazo de entrega se confirmar\u00e1 una vez comprobado y confirmado el archivo enviado para imprimir.<\/p>\n<p><strong>Devoluciones:<\/strong><\/p>\n<p>Todos nuestros productos se fabrican bajo demanda y de forma personalizada. Para iniciar el proceso de fabricaci\u00f3n o impresi\u00f3n es necesario el visto bueno del cliente. Solo se admiten devoluciones en caso de que el producto est\u00e9 defectuoso.<\/p>\n","protected":false},"excerpt":{"rendered":"<p>Tarjetas de visita 85 x 55 mm impresas en color (1 cara) sobre cartulina blanca mate 315 gr. Pack 200 uds.<\/p>\n","protected":false},"featured_media":2674,"template":"","meta":[],"product_brand":[],"product_cat":[125,126,127,44,49],"product_tag":[269,184,267,268],"class_list":{"0":"post-2666","1":"product","2":"type-product","3":"status-publish","4":"has-post-thumbnail","6":"product_cat-artes-graficas","7":"product_cat-imprenta","8":"product_cat-imprenta-lletra","9":"product_cat-papeleria-libreria","10":"product_cat-publicidad","11":"product_tag-diseno","12":"product_tag-impresion","13":"product_tag-tarjetas","14":"product_tag-tarjetas-de-visita","16":"first","17":"instock","18":"taxable","19":"shipping-taxable","20":"purchasable","21":"product-type-simple"},"_links":{"self":[{"href":"https:\/\/www.afecir.com\/comprar\/wp-json\/wp\/v2\/product\/2666","targetHints":{"allow":["GET"]}}],"collection":[{"href":"https:\/\/www.afecir.com\/comprar\/wp-json\/wp\/v2\/product"}],"about":[{"href":"https:\/\/www.afecir.com\/comprar\/wp-json\/wp\/v2\/types\/product"}],"wp:featuredmedia":[{"embeddable":true,"href":"https:\/\/www.afecir.com\/comprar\/wp-json\/wp\/v2\/media\/2674"}],"wp:attachment":[{"href":"https:\/\/www.afecir.com\/comprar\/wp-json\/wp\/v2\/media?parent=2666"}],"wp:term":[{"taxonomy":"product_brand","embeddable":true,"href":"https:\/\/www.afecir.com\/comprar\/wp-json\/wp\/v2\/product_brand?post=2666"},{"taxonomy":"product_cat","embeddable":true,"href":"https:\/\/www.afecir.com\/comprar\/wp-json\/wp\/v2\/product_cat?post=2666"},{"taxonomy":"product_tag","embeddable":true,"href":"https:\/\/www.afecir.com\/comprar\/wp-json\/wp\/v2\/product_tag?post=2666"}],"curies":[{"name":"wp","href":"https:\/\/api.w.org\/{rel}","templated":true}]}}