{"id":2396,"date":"2020-05-29T15:18:53","date_gmt":"2020-05-29T15:18:53","guid":{"rendered":"https:\/\/www.afecir.com\/comprar\/?post_type=product&#038;p=2396"},"modified":"2021-06-27T18:51:40","modified_gmt":"2021-06-27T18:51:40","slug":"surtido-iberico-gourmet-con-jamon-iberico-de-bellota","status":"publish","type":"product","link":"https:\/\/www.afecir.com\/comprar\/producto\/surtido-iberico-gourmet-con-jamon-iberico-de-bellota\/","title":{"rendered":"Surtido Ib\u00e9rico Gourmet con Jam\u00f3n Ib\u00e9rico de Bellota"},"content":{"rendered":"<p>Surtido especial compuesto por:<\/p>\n<ul>\n<li><strong>Jam\u00f3n de Bellota Ib\u00e9rico 50% Raza Ib\u00e9rica<\/strong> (7,5-8 kg)<\/li>\n<li><strong>Lomo de Bellota 50% Raza Ib\u00e9rica<\/strong> (1-1,2 kg)<\/li>\n<li><strong>Salchich\u00f3n Ib\u00e9rico de Bellota<\/strong> (1-1,2 kg)<\/li>\n<li><strong>Chorizo Ib\u00e9rico de Bellota<\/strong> (1-1,2 kg).<\/li>\n<\/ul>\n<p style=\"text-align: justify\">DEHESA ALMARIEGO ofrece una selecci\u00f3n gourmet superior de sus principales productos Ib\u00e9ricos de Bellota.<br \/>\nEl conjunto est\u00e1 formado por 4 productos totalmente naturales de la mayor calidad elaborados de forma completamente artesanal que se convierten en un majar extraordinario para disfrutar en cualquier ocasi\u00f3n.<br \/>\n<strong>4 productos totalmente naturale<\/strong>s de la mayor calidad elaborados de forma completamente artesanal que se convierten en un majar extraordinario para disfrutar en cualquier ocasi\u00f3n.<\/p>\n<p>Un <span style=\"text-decoration: underline\">Jam\u00f3n de Bellota Ib\u00e9rico 50% Raza Ib\u00e9rica<\/span> de jugosidad perfecta y homog\u00e9nea en toda la pieza debido a un estado de curaci\u00f3n \u00f3ptimo para su consumo. Con aromas muy definidos, elegantes y persistentes. Jam\u00f3n que se defiende espectacularmente ante el cuchillo, obteniendo rendimientos envidiables.<br \/>\nUna pieza de <span style=\"text-decoration: underline\">Lomo de Bellota Ib\u00e9rico 50% Raza Ib\u00e9rica<\/span> de perfecta infiltraci\u00f3n que proporciona una homogeneidad e intensidad uniforme en el sabor que resulta exquisita y envidiable.<br \/>\nUn <span style=\"text-decoration: underline\">Chorizo y un Salchich\u00f3n Ib\u00e9ricos de Bellota<\/span> elaborados con carnes magras seleccionadas de primera calidad que destacan por su sabor y aroma.<\/p>\n<p>Ideal para cuando desee contar con una nota de distinci\u00f3n en su mesa.<br \/>\nUn producto totalmente natural elaborado de forma completamente artesanal que se convierte en un majar extraordinario apreciado como art\u00edculo gourmet en el mundo entero.<\/p>\n","protected":false},"excerpt":{"rendered":"<p><span style=\"text-decoration: underline\"><em>Surtido Ib\u00e9rico Gourmet compuesto por<\/em><\/span>:<br \/>\n<strong>1 Jam\u00f3n de Bellota Ib\u00e9rico 50% Raza Ib\u00e9rica <\/strong><i>de peso entre 8 y 8,5 kg<br \/>\n<\/i><strong>1 Lomo de Bellota Ib\u00e9rico 50% Raza Ib\u00e9rica <\/strong><i>envasado al vac\u00edo en una pieza, de peso entre 1 y 1,5 kg<br \/>\n<\/i><strong>1 Chorizo Ib\u00e9rico de Bellota <\/strong><i>envasado al vac\u00edo en una pieza, de peso entre 1 y 1,2 kg<br \/>\n<\/i><strong>1 Salchich\u00f3n Ib\u00e9rico de Bellota <\/strong><i>envasado al vac\u00edo en una pieza, de peso entre 1 y 1,2 kg.<\/i><\/p>\n","protected":false},"featured_media":5349,"template":"","meta":[],"product_brand":[],"product_cat":[75,74],"product_tag":[],"class_list":{"0":"post-2396","1":"product","2":"type-product","3":"status-publish","4":"has-post-thumbnail","6":"product_cat-dehesa-almariego","7":"product_cat-productos-ibericos","9":"first","10":"instock","11":"taxable","12":"shipping-taxable","13":"purchasable","14":"product-type-simple"},"_links":{"self":[{"href":"https:\/\/www.afecir.com\/comprar\/wp-json\/wp\/v2\/product\/2396","targetHints":{"allow":["GET"]}}],"collection":[{"href":"https:\/\/www.afecir.com\/comprar\/wp-json\/wp\/v2\/product"}],"about":[{"href":"https:\/\/www.afecir.com\/comprar\/wp-json\/wp\/v2\/types\/product"}],"wp:featuredmedia":[{"embeddable":true,"href":"https:\/\/www.afecir.com\/comprar\/wp-json\/wp\/v2\/media\/5349"}],"wp:attachment":[{"href":"https:\/\/www.afecir.com\/comprar\/wp-json\/wp\/v2\/media?parent=2396"}],"wp:term":[{"taxonomy":"product_brand","embeddable":true,"href":"https:\/\/www.afecir.com\/comprar\/wp-json\/wp\/v2\/product_brand?post=2396"},{"taxonomy":"product_cat","embeddable":true,"href":"https:\/\/www.afecir.com\/comprar\/wp-json\/wp\/v2\/product_cat?post=2396"},{"taxonomy":"product_tag","embeddable":true,"href":"https:\/\/www.afecir.com\/comprar\/wp-json\/wp\/v2\/product_tag?post=2396"}],"curies":[{"name":"wp","href":"https:\/\/api.w.org\/{rel}","templated":true}]}}