{"id":2390,"date":"2020-05-29T15:02:49","date_gmt":"2020-05-29T15:02:49","guid":{"rendered":"https:\/\/www.afecir.com\/comprar\/?post_type=product&#038;p=2390"},"modified":"2021-06-27T18:53:24","modified_gmt":"2021-06-27T18:53:24","slug":"lomo-de-bellota-iberico-50-raza-iberica","status":"publish","type":"product","link":"https:\/\/www.afecir.com\/comprar\/producto\/lomo-de-bellota-iberico-50-raza-iberica\/","title":{"rendered":"Lomo de Bellota Ib\u00e9rico 50% Raza Ib\u00e9rica"},"content":{"rendered":"<p>Pieza de Lomo de Bellota Ib\u00e9rico 50% Raza Ib\u00e9rica elaborado artesanalmente y envasado al vac\u00edo en una pieza.<\/p>\n<p><strong>Peso: de 1kg. a 1,5kg<\/strong><\/p>\n<p style=\"text-align: justify\">DEHESA ALMARIEGO ofrece una pieza de Lomo de Bellota Ib\u00e9rico 50% Raza Ib\u00e9rica alimentado a bellota de forma natural. La magn\u00edfica infiltraci\u00f3n es muestra de la crianza, alimentaci\u00f3n natural y esmero con que realizamos nuestra labor, teniendo los animales a campo abierto, favoreciendo su ejercitaci\u00f3n y favoreciendo que su alimentaci\u00f3n sea la m\u00e1s natural. Esa correcta infiltraci\u00f3n proporciona una homogeneidad e intensidad uniforme en el sabor que resulta exquisita y envidiable.<\/p>\n<p style=\"text-align: justify\">La Ca\u00f1a de Lomo ha sido elaborada de forma artesanal y tradicional, de una forma cuidadosa que garantiza la mayor calidad del producto.<\/p>\n<p style=\"text-align: justify\">Cada pieza, de forma individual y manual, es envasada al vac\u00edo en el momento justo y \u00f3ptimo en el proceso de curaci\u00f3n, facilitando su conservaci\u00f3n y manteniendo todas sus propiedades organol\u00e9pticas.<\/p>\n<p style=\"text-align: justify\">Ideal para ocasiones especiales en las que se desee contar con una nota de distinci\u00f3n.<\/p>\n<p style=\"text-align: justify\">Un producto totalmente natural elaborado de forma completamente artesanal que se convierte en un majar extraordinario apreciado como art\u00edculo gourmet en el mundo entero.<\/p>\n","protected":false},"excerpt":{"rendered":"<p>Pieza de Lomo de Bellota Ib\u00e9rico 50% Raza Ib\u00e9rica elaborado artesanalmente y envasado al vac\u00edo en una pieza.<\/p>\n<p><strong>Peso: de 1kg. a 1,5kg<\/strong><\/p>\n","protected":false},"featured_media":5335,"template":"","meta":[],"product_brand":[],"product_cat":[75,74],"product_tag":[],"class_list":{"0":"post-2390","1":"product","2":"type-product","3":"status-publish","4":"has-post-thumbnail","6":"product_cat-dehesa-almariego","7":"product_cat-productos-ibericos","9":"first","10":"instock","11":"taxable","12":"shipping-taxable","13":"purchasable","14":"product-type-simple"},"_links":{"self":[{"href":"https:\/\/www.afecir.com\/comprar\/wp-json\/wp\/v2\/product\/2390","targetHints":{"allow":["GET"]}}],"collection":[{"href":"https:\/\/www.afecir.com\/comprar\/wp-json\/wp\/v2\/product"}],"about":[{"href":"https:\/\/www.afecir.com\/comprar\/wp-json\/wp\/v2\/types\/product"}],"wp:featuredmedia":[{"embeddable":true,"href":"https:\/\/www.afecir.com\/comprar\/wp-json\/wp\/v2\/media\/5335"}],"wp:attachment":[{"href":"https:\/\/www.afecir.com\/comprar\/wp-json\/wp\/v2\/media?parent=2390"}],"wp:term":[{"taxonomy":"product_brand","embeddable":true,"href":"https:\/\/www.afecir.com\/comprar\/wp-json\/wp\/v2\/product_brand?post=2390"},{"taxonomy":"product_cat","embeddable":true,"href":"https:\/\/www.afecir.com\/comprar\/wp-json\/wp\/v2\/product_cat?post=2390"},{"taxonomy":"product_tag","embeddable":true,"href":"https:\/\/www.afecir.com\/comprar\/wp-json\/wp\/v2\/product_tag?post=2390"}],"curies":[{"name":"wp","href":"https:\/\/api.w.org\/{rel}","templated":true}]}}