{"id":2387,"date":"2020-05-29T14:54:15","date_gmt":"2020-05-29T14:54:15","guid":{"rendered":"https:\/\/www.afecir.com\/comprar\/?post_type=product&#038;p=2387"},"modified":"2021-06-27T18:54:03","modified_gmt":"2021-06-27T18:54:03","slug":"paleta-de-bellota-iberica-50-raza-iberica-loncheada","status":"publish","type":"product","link":"https:\/\/www.afecir.com\/comprar\/producto\/paleta-de-bellota-iberica-50-raza-iberica-loncheada\/","title":{"rendered":"Paleta de Bellota Ib\u00e9rica 50% Raza Ib\u00e9rica (LONCHEADA)"},"content":{"rendered":"<p>Sobres de Paleta de Bellota Ib\u00e9rica 50% Raza Ib\u00e9rica loncheada y envasada al vac\u00edo.<\/p>\n<p><strong>Bl\u00edster de 100gr<\/strong><\/p>\n<p>DEHESA ALMARIEGO ofrece sobres de loncheado de Paleta de Cerdo Ib\u00e9rico 50% Raza Ib\u00e9rica alimentado a bellota de forma natural. La Paleta se caracteriza por un sabor m\u00e1s intenso que el jam\u00f3n. La calidad se mantiene en la Paleta con veteado correcto y terso. Grado de curaci\u00f3n excepcional. De jugosidad perfecta y homog\u00e9nea en toda la loncha. De cautivante sabor en boca, deja un ligero y agradable picor en la garganta, que demuestra un tiempo de curaci\u00f3n largo y lento. Con aromas muy definidos, elegantes y persistentes.<br \/>\nLa pieza de Paleta ha sido deshuesada de forma artesanal y tradicional, de una forma cuidadosa que garantiza que la Paleta mantenga las cualidades organol\u00e9pticas de antes de retirarle el hueso.<br \/>\nInmediatamente, ha sido loncheada de forma artesanal y envasada al vac\u00edo evitando la oxidaci\u00f3n del producto.<\/p>\n<p>Ideal para ocasiones en las que se prefiere contar con el producto loncheado para consumir directamente. Viene preparado sobre una cubierta transparente para ser colocada directamente sobre el plato o la mesa, facilit\u00e1ndose su manipulaci\u00f3n.<\/p>\n<p>Un producto totalmente natural elaborado de forma completamente artesanal que se convierte en un majar extraordinario apreciado como art\u00edculo gourmet en el mundo entero.<\/p>\n","protected":false},"excerpt":{"rendered":"<p style=\"text-align: justify\">Sobres de Paleta de Bellota Ib\u00e9rica 50% Raza Ib\u00e9rica loncheada y envasada al vac\u00edo.<\/p>\n<p><strong>Bl\u00edster de 100gr<\/strong><\/p>\n","protected":false},"featured_media":5321,"template":"","meta":[],"product_brand":[],"product_cat":[75,74],"product_tag":[],"class_list":{"0":"post-2387","1":"product","2":"type-product","3":"status-publish","4":"has-post-thumbnail","6":"product_cat-dehesa-almariego","7":"product_cat-productos-ibericos","9":"first","10":"instock","11":"taxable","12":"shipping-taxable","13":"purchasable","14":"product-type-simple"},"_links":{"self":[{"href":"https:\/\/www.afecir.com\/comprar\/wp-json\/wp\/v2\/product\/2387","targetHints":{"allow":["GET"]}}],"collection":[{"href":"https:\/\/www.afecir.com\/comprar\/wp-json\/wp\/v2\/product"}],"about":[{"href":"https:\/\/www.afecir.com\/comprar\/wp-json\/wp\/v2\/types\/product"}],"wp:featuredmedia":[{"embeddable":true,"href":"https:\/\/www.afecir.com\/comprar\/wp-json\/wp\/v2\/media\/5321"}],"wp:attachment":[{"href":"https:\/\/www.afecir.com\/comprar\/wp-json\/wp\/v2\/media?parent=2387"}],"wp:term":[{"taxonomy":"product_brand","embeddable":true,"href":"https:\/\/www.afecir.com\/comprar\/wp-json\/wp\/v2\/product_brand?post=2387"},{"taxonomy":"product_cat","embeddable":true,"href":"https:\/\/www.afecir.com\/comprar\/wp-json\/wp\/v2\/product_cat?post=2387"},{"taxonomy":"product_tag","embeddable":true,"href":"https:\/\/www.afecir.com\/comprar\/wp-json\/wp\/v2\/product_tag?post=2387"}],"curies":[{"name":"wp","href":"https:\/\/api.w.org\/{rel}","templated":true}]}}