{"id":2379,"date":"2020-05-29T14:43:10","date_gmt":"2020-05-29T14:43:10","guid":{"rendered":"https:\/\/www.afecir.com\/comprar\/?post_type=product&#038;p=2379"},"modified":"2021-06-27T18:55:35","modified_gmt":"2021-06-27T18:55:35","slug":"jamon-de-bellota-iberico-50-raza-iberica-loncheado","status":"publish","type":"product","link":"https:\/\/www.afecir.com\/comprar\/producto\/jamon-de-bellota-iberico-50-raza-iberica-loncheado\/","title":{"rendered":"Jam\u00f3n de Bellota Ib\u00e9rico 50% Raza Ib\u00e9rica (LONCHEADO)"},"content":{"rendered":"<p>Sobres de Jam\u00f3n de Bellota Ib\u00e9rico 50% Raza Ib\u00e9rica Loncheado y envasado al vac\u00edo.<\/p>\n<div id=\"messagebody\">\n<div id=\"message-htmlpart1\" class=\"message-htmlpart\">\n<div class=\"rcmBody\" dir=\"ltr\">\n<div>\n<div>Bl\u00edster de 100gr.<\/div>\n<\/div>\n<\/div>\n<\/div>\n<\/div>\n<p style=\"text-align: justify\">DEHESA ALMARIEGO ofrece sobres de loncheado de Jam\u00f3n de Cerdo Ib\u00e9rico 50% Raza Ib\u00e9rica alimentado a bellota de forma natural. Con veteado correcto y terso. Grado de curaci\u00f3n excepcional. De jugosidad perfecta y homog\u00e9nea en toda la loncha. De cautivante sabor en boca, deja un ligero y agradable picor en la garganta, que demuestra un tiempo de curaci\u00f3n largo y lento. Con aromas muy definidos, elegantes y persistentes.<br \/>\nLa pieza de Jam\u00f3n ha sido deshuesado de forma artesanal y tradicional, de una forma cuidadosa que garantiza que el jam\u00f3n mantenga las cualidades organol\u00e9pticas de antes de retirarle el hueso.<br \/>\nInmediatamente, ha sido loncheado de forma artesanal y envasado al vac\u00edo evitando la oxidaci\u00f3n del producto.<\/p>\n<p>Ideal para ocasiones en las que se prefiere contar con el producto loncheado para consumir directamente. Viene preparado sobre una cubierta transparente para ser colocada directamente sobre el plato o la mesa, facilit\u00e1ndose su manipulaci\u00f3n.<\/p>\n<p>Un producto totalmente natural elaborado de forma completamente artesanal que se convierte en un majar extraordinario apreciado como art\u00edculo gourmet en el mundo entero.<\/p>\n","protected":false},"excerpt":{"rendered":"<p>Sobres de Jam\u00f3n de Bellota Ib\u00e9rico 50% Raza Ib\u00e9rica Loncheado y envasado al vac\u00edo.<\/p>\n<div id=\"messagebody\">\n<div id=\"message-htmlpart1\" class=\"message-htmlpart\">\n<div class=\"rcmBody\" dir=\"ltr\">\n<div>\n<div><strong>Bl\u00edster de 100gr.<\/strong><\/div>\n<\/div>\n<\/div>\n<\/div>\n<\/div>\n","protected":false},"featured_media":5318,"template":"","meta":[],"product_brand":[],"product_cat":[75,681,74],"product_tag":[],"class_list":{"0":"post-2379","1":"product","2":"type-product","3":"status-publish","4":"has-post-thumbnail","6":"product_cat-dehesa-almariego","7":"product_cat-jamones","8":"product_cat-productos-ibericos","10":"first","11":"instock","12":"taxable","13":"shipping-taxable","14":"purchasable","15":"product-type-simple"},"_links":{"self":[{"href":"https:\/\/www.afecir.com\/comprar\/wp-json\/wp\/v2\/product\/2379","targetHints":{"allow":["GET"]}}],"collection":[{"href":"https:\/\/www.afecir.com\/comprar\/wp-json\/wp\/v2\/product"}],"about":[{"href":"https:\/\/www.afecir.com\/comprar\/wp-json\/wp\/v2\/types\/product"}],"wp:featuredmedia":[{"embeddable":true,"href":"https:\/\/www.afecir.com\/comprar\/wp-json\/wp\/v2\/media\/5318"}],"wp:attachment":[{"href":"https:\/\/www.afecir.com\/comprar\/wp-json\/wp\/v2\/media?parent=2379"}],"wp:term":[{"taxonomy":"product_brand","embeddable":true,"href":"https:\/\/www.afecir.com\/comprar\/wp-json\/wp\/v2\/product_brand?post=2379"},{"taxonomy":"product_cat","embeddable":true,"href":"https:\/\/www.afecir.com\/comprar\/wp-json\/wp\/v2\/product_cat?post=2379"},{"taxonomy":"product_tag","embeddable":true,"href":"https:\/\/www.afecir.com\/comprar\/wp-json\/wp\/v2\/product_tag?post=2379"}],"curies":[{"name":"wp","href":"https:\/\/api.w.org\/{rel}","templated":true}]}}