{"id":5795,"date":"2025-03-10T12:25:15","date_gmt":"2025-03-10T12:25:15","guid":{"rendered":"https:\/\/www.afecir.com\/comprar\/?page_id=5795"},"modified":"2025-03-10T12:29:10","modified_gmt":"2025-03-10T12:29:10","slug":"bases-del-sorteo-en-instagram-campana-dia-del-padre-2025","status":"publish","type":"page","link":"https:\/\/www.afecir.com\/comprar\/bases-del-sorteo-en-instagram-campana-dia-del-padre-2025\/","title":{"rendered":"Bases del Sorteo en Instagram: Campa\u00f1a d\u00eda del padre 2025"},"content":{"rendered":"<h4><a href=\"https:\/\/www.afecir.com\/comprar\/wp-content\/uploads\/2025\/03\/dia-padre-afecir-2025.jpg\"><img loading=\"lazy\" decoding=\"async\" class=\"aligncenter size-large wp-image-5796\" src=\"https:\/\/www.afecir.com\/comprar\/wp-content\/uploads\/2025\/03\/dia-padre-afecir-2025-768x1024.jpg\" alt=\"\" width=\"768\" height=\"1024\" srcset=\"https:\/\/www.afecir.com\/comprar\/wp-content\/uploads\/2025\/03\/dia-padre-afecir-2025-768x1024.jpg 768w, https:\/\/www.afecir.com\/comprar\/wp-content\/uploads\/2025\/03\/dia-padre-afecir-2025-225x300.jpg 225w, https:\/\/www.afecir.com\/comprar\/wp-content\/uploads\/2025\/03\/dia-padre-afecir-2025-1152x1536.jpg 1152w, https:\/\/www.afecir.com\/comprar\/wp-content\/uploads\/2025\/03\/dia-padre-afecir-2025-500x667.jpg 500w, https:\/\/www.afecir.com\/comprar\/wp-content\/uploads\/2025\/03\/dia-padre-afecir-2025-800x1067.jpg 800w, https:\/\/www.afecir.com\/comprar\/wp-content\/uploads\/2025\/03\/dia-padre-afecir-2025.jpg 1296w\" sizes=\"auto, (max-width: 768px) 100vw, 768px\" \/><\/a><\/h4>\n<h4>1. Organizador<\/h4>\n<p>AFECIR, con domicilio en Plaza de Herrasti, 3, de Ciudad Rodrigo organiza el presente sorteo a trav\u00e9s de su cuenta oficial de Instagram [<a href=\"https:\/\/www.instagram.com\/afecirempresas\" target=\"_blank\" rel=\"noopener\">@afecirempresas<\/a>].<\/p>\n<h4>2. Participantes<\/h4>\n<p>Podr\u00e1n participar todas las personas mayores de 18 a\u00f1os. No podr\u00e1n participar los propietarios o empleados de las empresas adheridas, con los tickets de compra de su propio establecimiento.<\/p>\n<h4>3. Duraci\u00f3n del Sorteo<\/h4>\n<p>El sorteo tendr\u00e1 lugar el d\u00eda 21 de marzo de 2025. El ganador ser\u00e1 anunciado ese mismo d\u00eda.<\/p>\n<h4>4. Mec\u00e1nica de Participaci\u00f3n<\/h4>\n<p>Para participar, los usuarios deber\u00e1n:<br \/>\n\u2705 Seguir nuestra cuenta de Instagram [<a href=\"https:\/\/www.instagram.com\/afecirempresas\" target=\"_blank\" rel=\"noopener\">@afecirempresas<\/a>].<br \/>\n\u2705 Dar \u00abMe gusta\u00bb a la publicaci\u00f3n del sorteo.<br \/>\n\u2705 Comentar la publicaci\u00f3n mencionando a 2 personas, amigos\/as.<br \/>\n\u2705 (Opcional) Compartir la publicaci\u00f3n en sus historias y etiquetarnos.<br \/>\nCada usuario podr\u00e1 participar una sola vez o tantas veces como quiera, siempre que etiquete a personas diferentes.<\/p>\n<h4>5. Premio<\/h4>\n<p>El premio consistir\u00e1 en 5 premios de 30 farinatis cada uno. No es transferible ni canjeable por dinero. Los Farinatis se podr\u00e1n canjear con posterioridad en los establecimientos de la Campa\u00f1a Farinatis del 21 de marzo al 30 de junio de 2025 y que son los siguientes:<\/p>\n<p>CALZADOS MONTERO Calle Cardenal Pacheco, 1<br \/>\nCEVEMIR Calle San Alb\u00edn, 18<br \/>\nDT INFORMATICA Y JUGUETES Calle Santa Clara, 21<br \/>\nELECTRODOM\u00c9STICOS SILVA Avda Espa\u00f1a, 45<br \/>\nFERRETER\u00cdA S\u00c1NCHEZ Campo Toledo, 14<br \/>\nFARMACIA DORADO Plaza Mayor, 6<br \/>\nFERRETER\u00cdA SERTORIO Calle Juli\u00e1n S\u00e1nchez, 5<br \/>\nHILOS DE MAR Avda B\u00e9jar, 48<br \/>\nOPTICA CID Calle Juli\u00e1n S\u00e1nchez, 15<br \/>\nJOYER\u00cdA CID Plaza Mayor, 11<br \/>\nJ BERNAL ENCINAS Calle Moreno Torroba, 19<br \/>\nLAURA Y CARLA Calle Santiago Vegas Arranz, 3<br \/>\nSOPAM BRICO HOGAR Avda Yurramendi, s\/n<br \/>\nPERFUMER\u00cdA LA GLORIETA Calle Santa Clara, 15<br \/>\nACEITUNAS MIROLIVA Mercado de Abastos<br \/>\nJOYER\u00cdA VASCONCELLOS Plaza Mayor, 9<br \/>\nJOYER\u00cdA VASCONCELLOS Calle San Juan, 3<br \/>\nPASTELER\u00cdA ETREROS Plaza Mayor, 2<br \/>\nPELUQUER\u00cdA YOLANDA CABALLERO Avda Espa\u00f1a, 15<br \/>\nTEXTILES ACOSTA Calle Cuatro Calles, 4<br \/>\nAQUARELA Moda y complementos Calle Juli\u00e1n S\u00e1nchez, 10<br \/>\nSUPERMERCADOS ALVICA Avda B\u00e9jar, 54; Santa Clara, 53; Mercado Abastos<br \/>\nPUB OC R\u00faa del Sol, 18<br \/>\nYOANNA IRIHS PUB Calle Wetones, 18-20<br \/>\nPIZZERIA DEMARIA Avda Agust\u00edn de Fox\u00e1, 39<br \/>\nLUNA ROJA PERFUMERIA Cardenal Pacheco, 5<br \/>\nASESORIA GRUPO FABI\u00c1N MART\u00cdN Calle S\u00e1nchez Arjona, 13<\/p>\n<h4>6. Selecci\u00f3n del Ganador<\/h4>\n<p>El ganador ser\u00e1 seleccionado de manera aleatoria mediante plataforma de sorteos. Se verificar\u00e1 que cumpla con todos los requisitos.<br \/>\nPara que se le pueda entregar el premio ser\u00e1 imprescindible presentar un ticket de compra de un comercio de Ciudad Rodrigo, con fecha comprendida entre el 1 y el 19 de Marzo de 2025, en la sede de AFECIR Plaza de Herrasti, 3 de Ciudad Rodrigo, tel\u00e9fonos 923463037\/696542287. Email <a href=\"mailto:secretaria@afecir.com\">secretaria@afecir.com<\/a><br \/>\n<em><strong>En caso de que no cumpla, se elegir\u00e1 a otro participante.<\/strong><\/em><\/p>\n<h4>7. Anuncio del Ganador y Entrega del Premio<\/h4>\n<p>Los cinco ganadores ser\u00e1n anunciados en nuestra cuenta de Instagram mediante una publicaci\u00f3n y\/o historia el 21 de Marzo. Nos pondremos en contacto a trav\u00e9s de mensaje directo. Si el ganador no responde en un plazo de 7 d\u00edas, se seleccionar\u00e1 un nuevo ganador.<\/p>\n<h4>8. Protecci\u00f3n de Datos<\/h4>\n<p>Los datos personales de los participantes ser\u00e1n utilizados \u00fanicamente para la gesti\u00f3n del sorteo y no ser\u00e1n compartidos con terceros.<\/p>\n<h4>9. Aceptaci\u00f3n de las Bases<\/h4>\n<p>La participaci\u00f3n en este sorteo implica la aceptaci\u00f3n total de estas bases. Instagram no patrocina, avala ni administra este sorteo de ninguna manera.<\/p>\n","protected":false},"excerpt":{"rendered":"<p>1. Organizador AFECIR, con domicilio en Plaza de Herrasti, 3, de Ciudad Rodrigo organiza el presente sorteo a trav\u00e9s de su cuenta oficial de Instagram [@afecirempresas]. 2. Participantes Podr\u00e1n participar todas las personas mayores de 18 a\u00f1os. No podr\u00e1n participar los propietarios o empleados de las empresas adheridas, con los tickets de compra de su [&hellip;]<\/p>\n","protected":false},"author":1,"featured_media":0,"parent":0,"menu_order":0,"comment_status":"closed","ping_status":"closed","template":"","meta":{"footnotes":""},"class_list":["post-5795","page","type-page","status-publish","hentry"],"_links":{"self":[{"href":"https:\/\/www.afecir.com\/comprar\/wp-json\/wp\/v2\/pages\/5795","targetHints":{"allow":["GET"]}}],"collection":[{"href":"https:\/\/www.afecir.com\/comprar\/wp-json\/wp\/v2\/pages"}],"about":[{"href":"https:\/\/www.afecir.com\/comprar\/wp-json\/wp\/v2\/types\/page"}],"author":[{"embeddable":true,"href":"https:\/\/www.afecir.com\/comprar\/wp-json\/wp\/v2\/users\/1"}],"replies":[{"embeddable":true,"href":"https:\/\/www.afecir.com\/comprar\/wp-json\/wp\/v2\/comments?post=5795"}],"version-history":[{"count":3,"href":"https:\/\/www.afecir.com\/comprar\/wp-json\/wp\/v2\/pages\/5795\/revisions"}],"predecessor-version":[{"id":5799,"href":"https:\/\/www.afecir.com\/comprar\/wp-json\/wp\/v2\/pages\/5795\/revisions\/5799"}],"wp:attachment":[{"href":"https:\/\/www.afecir.com\/comprar\/wp-json\/wp\/v2\/media?parent=5795"}],"curies":[{"name":"wp","href":"https:\/\/api.w.org\/{rel}","templated":true}]}}